{"id":1063,"date":"2022-05-15T20:57:45","date_gmt":"2022-05-15T23:57:45","guid":{"rendered":"https:\/\/frigorificoriomaria.com.br\/?page_id=1063"},"modified":"2022-06-20T22:45:13","modified_gmt":"2022-06-21T01:45:13","slug":"institucional","status":"publish","type":"page","link":"https:\/\/frigorificoriomaria.com.br\/en\/institutional\/","title":{"rendered":"Company Profile"},"content":{"rendered":"<div data-elementor-type=\"wp-page\" data-elementor-id=\"1063\" class=\"elementor elementor-1063\" data-elementor-post-type=\"page\">\n\t\t\t\t\t\t<section class=\"elementor-section elementor-top-section elementor-element elementor-element-717fc93 elementor-section-boxed elementor-section-height-default elementor-section-height-default\" data-id=\"717fc93\" data-element_type=\"section\" data-e-type=\"section\" data-settings=\"{&quot;background_background&quot;:&quot;classic&quot;}\">\n\t\t\t\t\t\t<div class=\"elementor-container elementor-column-gap-default\">\n\t\t\t\t\t<div class=\"elementor-column elementor-col-100 elementor-top-column elementor-element elementor-element-198dc95\" data-id=\"198dc95\" data-element_type=\"column\" data-e-type=\"column\">\n\t\t\t<div class=\"elementor-widget-wrap elementor-element-populated\">\n\t\t\t\t\t\t<div class=\"elementor-element elementor-element-3e187ca elementor-widget__width-auto elementor-widget elementor-widget-heading\" data-id=\"3e187ca\" data-element_type=\"widget\" data-e-type=\"widget\" data-widget_type=\"heading.default\">\n\t\t\t\t<div class=\"elementor-widget-container\">\n\t\t\t\t\t<h1 class=\"elementor-heading-title elementor-size-default\">Company Profile<\/h1>\t\t\t\t<\/div>\n\t\t\t\t<\/div>\n\t\t\t\t<div class=\"elementor-element elementor-element-463f2ec elementor-widget elementor-widget-spacer\" data-id=\"463f2ec\" data-element_type=\"widget\" data-e-type=\"widget\" data-widget_type=\"spacer.default\">\n\t\t\t\t<div class=\"elementor-widget-container\">\n\t\t\t\t\t\t\t<div class=\"elementor-spacer\">\n\t\t\t<div class=\"elementor-spacer-inner\"><\/div>\n\t\t<\/div>\n\t\t\t\t\t\t<\/div>\n\t\t\t\t<\/div>\n\t\t\t\t<div class=\"elementor-element elementor-element-12be50d elementor-widget__width-auto elementor-widget elementor-widget-heading\" data-id=\"12be50d\" data-element_type=\"widget\" data-e-type=\"widget\" data-widget_type=\"heading.default\">\n\t\t\t\t<div class=\"elementor-widget-container\">\n\t\t\t\t\t<h2 class=\"elementor-heading-title elementor-size-default\">Institutional<\/h2>\t\t\t\t<\/div>\n\t\t\t\t<\/div>\n\t\t\t\t\t<\/div>\n\t\t<\/div>\n\t\t\t\t\t<\/div>\n\t\t<\/section>\n\t\t\t\t<section class=\"elementor-section elementor-top-section elementor-element elementor-element-14f2783 elementor-section-boxed elementor-section-height-default elementor-section-height-default\" data-id=\"14f2783\" data-element_type=\"section\" data-e-type=\"section\">\n\t\t\t\t\t\t<div class=\"elementor-container elementor-column-gap-default\">\n\t\t\t\t\t<div class=\"elementor-column elementor-col-100 elementor-top-column elementor-element elementor-element-de59ffa\" data-id=\"de59ffa\" data-element_type=\"column\" data-e-type=\"column\">\n\t\t\t<div class=\"elementor-widget-wrap elementor-element-populated\">\n\t\t\t\t\t\t<div class=\"elementor-element elementor-element-15680fb elementor-widget elementor-widget-text-editor\" data-id=\"15680fb\" data-element_type=\"widget\" data-e-type=\"widget\" data-widget_type=\"text-editor.default\">\n\t\t\t\t<div class=\"elementor-widget-container\">\n\t\t\t\t\t\t\t\t\t<p><img fetchpriority=\"high\" decoding=\"async\" class=\"margin-right-bottom img-responsive wp-image-1807 size-medium alignleft\" src=\"https:\/\/frigorificoriomaria.com.br\/wp-content\/uploads\/2022\/05\/Foto-aerea-300x201.jpg\" alt=\"\" width=\"300\" height=\"201\" srcset=\"https:\/\/frigorificoriomaria.com.br\/wp-content\/uploads\/2022\/05\/Foto-aerea-300x201.jpg 300w, https:\/\/frigorificoriomaria.com.br\/wp-content\/uploads\/2022\/05\/Foto-aerea-1024x687.jpg 1024w, https:\/\/frigorificoriomaria.com.br\/wp-content\/uploads\/2022\/05\/Foto-aerea-768x515.jpg 768w, https:\/\/frigorificoriomaria.com.br\/wp-content\/uploads\/2022\/05\/Foto-aerea-18x12.jpg 18w, https:\/\/frigorificoriomaria.com.br\/wp-content\/uploads\/2022\/05\/Foto-aerea.jpg 1280w\" sizes=\"(max-width: 300px) 100vw, 300px\" \/>Founded in 2002, the <b>Frigor\u00edfico Rio Maria<\/b> works in the beef slaughtering business, producing about 150 tons of meat daily. The company has highly specialized employees in the treatment and production process of the raw material.<\/p><p>\u00a0<\/p><p>Located in the city of Rio Maria, in the south of Par\u00e1, it is in a privileged area, for getting all the herd necessary for its slaughter in very close regions (100Km), which facilitates the inspection and guarantees a superior quality of its production the whole year round.<\/p><p>\u00a0<\/p><p>It was strategically installed in a region where, through the hot and humid climate, and the flat relief, all the conditions for the development of natural cattle raising, better known as BOI VERDE (100% natural), are generated.<\/p>\t\t\t\t\t\t\t\t<\/div>\n\t\t\t\t<\/div>\n\t\t\t\t\t<\/div>\n\t\t<\/div>\n\t\t\t\t\t<\/div>\n\t\t<\/section>\n\t\t\t\t<section class=\"elementor-section elementor-top-section elementor-element elementor-element-ad0e2ff elementor-section-boxed elementor-section-height-default elementor-section-height-default\" data-id=\"ad0e2ff\" data-element_type=\"section\" data-e-type=\"section\">\n\t\t\t\t\t\t<div class=\"elementor-container elementor-column-gap-default\">\n\t\t\t\t\t<div class=\"elementor-column elementor-col-100 elementor-top-column elementor-element elementor-element-8a53228\" data-id=\"8a53228\" data-element_type=\"column\" data-e-type=\"column\">\n\t\t\t<div class=\"elementor-widget-wrap elementor-element-populated\">\n\t\t\t\t\t\t<div class=\"elementor-element elementor-element-73ce0fb elementor-widget elementor-widget-spacer\" data-id=\"73ce0fb\" data-element_type=\"widget\" data-e-type=\"widget\" data-widget_type=\"spacer.default\">\n\t\t\t\t<div class=\"elementor-widget-container\">\n\t\t\t\t\t\t\t<div class=\"elementor-spacer\">\n\t\t\t<div class=\"elementor-spacer-inner\"><\/div>\n\t\t<\/div>\n\t\t\t\t\t\t<\/div>\n\t\t\t\t<\/div>\n\t\t\t\t\t<\/div>\n\t\t<\/div>\n\t\t\t\t\t<\/div>\n\t\t<\/section>\n\t\t\t\t<\/div>","protected":false},"excerpt":{"rendered":"<p>Institucional Fundado em 2002, o Frigor\u00edfico Rio Maria trabalha no ramo de abate bovino, produzindo cerca de 150 Ton. de carne diariamente. A empresa conta com colaboradores altamente especializados no tratamento e no processo de produ\u00e7\u00e3o da mat\u00e9ria-prima. \u00a0 Localizado na cidade de Rio Maria, no sul do Par\u00e1, encontra-se em uma \u00e1rea privilegiada, por [&hellip;]<\/p>","protected":false},"author":3,"featured_media":0,"parent":0,"menu_order":0,"comment_status":"closed","ping_status":"closed","template":"","meta":{"inline_featured_image":false,"footnotes":""},"class_list":["post-1063","page","type-page","status-publish","hentry"],"_links":{"self":[{"href":"https:\/\/frigorificoriomaria.com.br\/en\/wp-json\/wp\/v2\/pages\/1063","targetHints":{"allow":["GET"]}}],"collection":[{"href":"https:\/\/frigorificoriomaria.com.br\/en\/wp-json\/wp\/v2\/pages"}],"about":[{"href":"https:\/\/frigorificoriomaria.com.br\/en\/wp-json\/wp\/v2\/types\/page"}],"author":[{"embeddable":true,"href":"https:\/\/frigorificoriomaria.com.br\/en\/wp-json\/wp\/v2\/users\/3"}],"replies":[{"embeddable":true,"href":"https:\/\/frigorificoriomaria.com.br\/en\/wp-json\/wp\/v2\/comments?post=1063"}],"version-history":[{"count":26,"href":"https:\/\/frigorificoriomaria.com.br\/en\/wp-json\/wp\/v2\/pages\/1063\/revisions"}],"predecessor-version":[{"id":2473,"href":"https:\/\/frigorificoriomaria.com.br\/en\/wp-json\/wp\/v2\/pages\/1063\/revisions\/2473"}],"wp:attachment":[{"href":"https:\/\/frigorificoriomaria.com.br\/en\/wp-json\/wp\/v2\/media?parent=1063"}],"curies":[{"name":"wp","href":"https:\/\/api.w.org\/{rel}","templated":true}]}}