{"id":1086,"date":"2022-05-15T21:17:43","date_gmt":"2022-05-16T00:17:43","guid":{"rendered":"https:\/\/frigorificoriomaria.com.br\/?page_id=1086"},"modified":"2026-01-23T17:37:10","modified_gmt":"2026-01-23T20:37:10","slug":"qualidade","status":"publish","type":"page","link":"https:\/\/frigorificoriomaria.com.br\/en\/quality\/","title":{"rendered":"Quality"},"content":{"rendered":"<div data-elementor-type=\"wp-page\" data-elementor-id=\"1086\" class=\"elementor elementor-1086\" data-elementor-post-type=\"page\">\n\t\t\t\t\t\t<section class=\"elementor-section elementor-top-section elementor-element elementor-element-717fc93 elementor-section-boxed elementor-section-height-default elementor-section-height-default\" data-id=\"717fc93\" data-element_type=\"section\" data-e-type=\"section\" data-settings=\"{&quot;background_background&quot;:&quot;classic&quot;}\">\n\t\t\t\t\t\t<div class=\"elementor-container elementor-column-gap-default\">\n\t\t\t\t\t<div class=\"elementor-column elementor-col-100 elementor-top-column elementor-element elementor-element-198dc95\" data-id=\"198dc95\" data-element_type=\"column\" data-e-type=\"column\">\n\t\t\t<div class=\"elementor-widget-wrap elementor-element-populated\">\n\t\t\t\t\t\t<div class=\"elementor-element elementor-element-3e187ca elementor-widget__width-auto elementor-widget elementor-widget-heading\" data-id=\"3e187ca\" data-element_type=\"widget\" data-e-type=\"widget\" data-widget_type=\"heading.default\">\n\t\t\t\t<div class=\"elementor-widget-container\">\n\t\t\t\t\t<h1 class=\"elementor-heading-title elementor-size-default\">Quality<\/h1>\t\t\t\t<\/div>\n\t\t\t\t<\/div>\n\t\t\t\t<div class=\"elementor-element elementor-element-463f2ec elementor-widget elementor-widget-spacer\" data-id=\"463f2ec\" data-element_type=\"widget\" data-e-type=\"widget\" data-widget_type=\"spacer.default\">\n\t\t\t\t<div class=\"elementor-widget-container\">\n\t\t\t\t\t\t\t<div class=\"elementor-spacer\">\n\t\t\t<div class=\"elementor-spacer-inner\"><\/div>\n\t\t<\/div>\n\t\t\t\t\t\t<\/div>\n\t\t\t\t<\/div>\n\t\t\t\t\t<\/div>\n\t\t<\/div>\n\t\t\t\t\t<\/div>\n\t\t<\/section>\n\t\t\t\t<section class=\"elementor-section elementor-top-section elementor-element elementor-element-14f2783 elementor-section-boxed elementor-section-height-default elementor-section-height-default\" data-id=\"14f2783\" data-element_type=\"section\" data-e-type=\"section\">\n\t\t\t\t\t\t<div class=\"elementor-container elementor-column-gap-default\">\n\t\t\t\t\t<div class=\"elementor-column elementor-col-100 elementor-top-column elementor-element elementor-element-de59ffa\" data-id=\"de59ffa\" data-element_type=\"column\" data-e-type=\"column\">\n\t\t\t<div class=\"elementor-widget-wrap elementor-element-populated\">\n\t\t\t\t\t\t<div class=\"elementor-element elementor-element-15680fb elementor-widget elementor-widget-text-editor\" data-id=\"15680fb\" data-element_type=\"widget\" data-e-type=\"widget\" data-widget_type=\"text-editor.default\">\n\t\t\t\t<div class=\"elementor-widget-container\">\n\t\t\t\t\t\t\t\t\t<p><img fetchpriority=\"high\" decoding=\"async\" class=\"margin-right-bottom img-responsive alignleft wp-image-1119\" src=\"https:\/\/frigorificoriomaria.com.br\/wp-content\/uploads\/2022\/05\/qualidade.jpg\" alt=\"\" width=\"310\" height=\"425\" srcset=\"https:\/\/frigorificoriomaria.com.br\/wp-content\/uploads\/2022\/05\/qualidade.jpg 467w, https:\/\/frigorificoriomaria.com.br\/wp-content\/uploads\/2022\/05\/qualidade-219x300.jpg 219w\" sizes=\"(max-width: 310px) 100vw, 310px\" \/>The <b>Frigorif\u00edco Rio Maria<\/b>, establishes control in all stages from the industrialization of the product to its delivery to the consumer. We always seek the loyalty and satisfaction of our customers through products and processes with assured quality standards. The quality control methods during the production process, packaging, storage, and product shipment are developed and monitored by the QUALITY GUARANTEE, with specific programs such as\n\nTranslated with www.DeepL.com\/Translator (free version)<br \/><br \/><\/p><ul><li><p><strong>GMP<\/strong>\u00a0- Good Manufacturing Practices. This program controls, together with the analysis of the final product, the water, the cross contaminations, the plagues, the hygiene and behavior of the handlers, the hygiene of the surfaces, the flow of the process, among other items, giving more quality guarantees to the products.<br \/><br \/><\/p><\/li><li><p><strong>HACP<\/strong>\u00a0- Hazard Analysis and Critical Points. This system makes it possible to locate hazards (biological, chemical, and physical) that may occur in the production line of a particular food product.<br \/><br \/><\/p><\/li><li><p><strong>CCP<\/strong>\u00a0- Critical Control Points. System that controls the critical points statistically during production. A dynamic system, and when applied correctly, it guarantees a food produced without the hazards considered.<br \/><br \/><\/p><\/li><li><p><strong>SOHP<\/strong>\u00a0- Standard Operating Hygiene Procedure. The program aims to sanitize every area in the plant where food is handled. It must be done as often as possible, before, during and after production, to keep the place and surfaces where the food will be handled at acceptable microbiological levels.<\/p><\/li><\/ul>\t\t\t\t\t\t\t\t<\/div>\n\t\t\t\t<\/div>\n\t\t\t\t<div class=\"elementor-element elementor-element-bd22b2b elementor-widget elementor-widget-heading\" data-id=\"bd22b2b\" data-element_type=\"widget\" data-e-type=\"widget\" data-widget_type=\"heading.default\">\n\t\t\t\t<div class=\"elementor-widget-container\">\n\t\t\t\t\t<h2 class=\"elementor-heading-title elementor-size-default\">Microbiological analysis<\/h2>\t\t\t\t<\/div>\n\t\t\t\t<\/div>\n\t\t\t\t<div class=\"elementor-element elementor-element-b2812ed elementor-widget elementor-widget-text-editor\" data-id=\"b2812ed\" data-element_type=\"widget\" data-e-type=\"widget\" data-widget_type=\"text-editor.default\">\n\t\t\t\t<div class=\"elementor-widget-container\">\n\t\t\t\t\t\t\t\t\t<p>Microbiological analyses are done fortnightly to identify probable flaws in the manufacturing process, and corrective actions can be taken according to the results.<\/p>\t\t\t\t\t\t\t\t<\/div>\n\t\t\t\t<\/div>\n\t\t\t\t<div class=\"elementor-element elementor-element-a2b50c1 elementor-widget elementor-widget-heading\" data-id=\"a2b50c1\" data-element_type=\"widget\" data-e-type=\"widget\" data-widget_type=\"heading.default\">\n\t\t\t\t<div class=\"elementor-widget-container\">\n\t\t\t\t\t<h2 class=\"elementor-heading-title elementor-size-default\">Humane slaughter<\/h2>\t\t\t\t<\/div>\n\t\t\t\t<\/div>\n\t\t\t\t<div class=\"elementor-element elementor-element-ca7fc1f elementor-widget elementor-widget-text-editor\" data-id=\"ca7fc1f\" data-element_type=\"widget\" data-e-type=\"widget\" data-widget_type=\"text-editor.default\">\n\t\t\t\t<div class=\"elementor-widget-container\">\n\t\t\t\t\t\t\t\t\t<p>The stress suffered by the animal is a factor that influences the final quality of the meat. Preventive measures are adopted following the HUMANITARY SLAUGHTERING norms, so that the agitation is reduced to a minimum and the animals do not die an agonizing death. The transport of animals in trucks with separation by lots and in stalls avoids overcrowding. Water baths for stress relief, touching the animals through flags, without screaming and electric current, and stunning using a pneumatic gun, exempting the animal from any suffering in the slaughter process;<\/p>\t\t\t\t\t\t\t\t<\/div>\n\t\t\t\t<\/div>\n\t\t\t\t<div class=\"elementor-element elementor-element-d2c082e elementor-widget elementor-widget-heading\" data-id=\"d2c082e\" data-element_type=\"widget\" data-e-type=\"widget\" data-widget_type=\"heading.default\">\n\t\t\t\t<div class=\"elementor-widget-container\">\n\t\t\t\t\t<h2 class=\"elementor-heading-title elementor-size-default\">Integrated Pest Control\n<\/h2>\t\t\t\t<\/div>\n\t\t\t\t<\/div>\n\t\t\t\t<div class=\"elementor-element elementor-element-9cd9e1e elementor-widget elementor-widget-text-editor\" data-id=\"9cd9e1e\" data-element_type=\"widget\" data-e-type=\"widget\" data-widget_type=\"text-editor.default\">\n\t\t\t\t<div class=\"elementor-widget-container\">\n\t\t\t\t\t\t\t\t\t<div class=\"container internas institucional\"><div class=\"row\"><div class=\"col-md-12\"><p>Program that aims to monitor and control all proliferation and manifestation of existing pests in the animal. The system is done through a trained and equipped employee, generating records and controlling the incidence.<\/p><\/div><\/div><\/div>\t\t\t\t\t\t\t\t<\/div>\n\t\t\t\t<\/div>\n\t\t\t\t\t<\/div>\n\t\t<\/div>\n\t\t\t\t\t<\/div>\n\t\t<\/section>\n\t\t\t\t<section class=\"elementor-section elementor-top-section elementor-element elementor-element-ad0e2ff elementor-section-boxed elementor-section-height-default elementor-section-height-default\" data-id=\"ad0e2ff\" data-element_type=\"section\" data-e-type=\"section\">\n\t\t\t\t\t\t<div class=\"elementor-container elementor-column-gap-default\">\n\t\t\t\t\t<div class=\"elementor-column elementor-col-100 elementor-top-column elementor-element elementor-element-8a53228\" data-id=\"8a53228\" data-element_type=\"column\" data-e-type=\"column\">\n\t\t\t<div class=\"elementor-widget-wrap elementor-element-populated\">\n\t\t\t\t\t\t<div class=\"elementor-element elementor-element-73ce0fb elementor-widget elementor-widget-spacer\" data-id=\"73ce0fb\" data-element_type=\"widget\" data-e-type=\"widget\" data-widget_type=\"spacer.default\">\n\t\t\t\t<div class=\"elementor-widget-container\">\n\t\t\t\t\t\t\t<div class=\"elementor-spacer\">\n\t\t\t<div class=\"elementor-spacer-inner\"><\/div>\n\t\t<\/div>\n\t\t\t\t\t\t<\/div>\n\t\t\t\t<\/div>\n\t\t\t\t<div class=\"elementor-element elementor-element-eb5d385 elementor-align-center elementor-widget elementor-widget-button\" data-id=\"eb5d385\" data-element_type=\"widget\" data-e-type=\"widget\" data-widget_type=\"button.default\">\n\t\t\t\t<div class=\"elementor-widget-container\">\n\t\t\t\t\t\t\t\t\t<div class=\"elementor-button-wrapper\">\n\t\t\t\t\t<a class=\"elementor-button elementor-button-link elementor-size-lg\" href=\"https:\/\/frigorificoriomaria.com.br\/wp-content\/uploads\/2026\/01\/11345_BRCGS_Certificate_2025_SIF_112_original.pdf\" target=\"_blank\">\n\t\t\t\t\t\t<span class=\"elementor-button-content-wrapper\">\n\t\t\t\t\t\t<span class=\"elementor-button-icon\">\n\t\t\t\t<i aria-hidden=\"true\" class=\"fas fa-file-pdf\"><\/i>\t\t\t<\/span>\n\t\t\t\t\t\t\t\t\t<span class=\"elementor-button-text\">Certificado Padr\u00e3o de Seguran\u00e7a<\/span>\n\t\t\t\t\t<\/span>\n\t\t\t\t\t<\/a>\n\t\t\t\t<\/div>\n\t\t\t\t\t\t\t\t<\/div>\n\t\t\t\t<\/div>\n\t\t\t\t\t<\/div>\n\t\t<\/div>\n\t\t\t\t\t<\/div>\n\t\t<\/section>\n\t\t\t\t<\/div>","protected":false},"excerpt":{"rendered":"<p>O Frigorif\u00edco Rio Maria, estabelece controle em todas as etapas desde a industrializa\u00e7\u00e3o do produto at\u00e9 a entrega ao consumidor. Buscamos sempre a fideliza\u00e7\u00e3o e a satisfa\u00e7\u00e3o de nossos clientes atrav\u00e9s de produtos e processos com padr\u00f5es de qualidade assegurados. Os m\u00e9todos de controle de qualidade durante o processo de produ\u00e7\u00e3o, embalagem, armazenagem e expedi\u00e7\u00e3o [&hellip;]<\/p>","protected":false},"author":3,"featured_media":0,"parent":0,"menu_order":0,"comment_status":"closed","ping_status":"closed","template":"","meta":{"inline_featured_image":false,"footnotes":""},"class_list":["post-1086","page","type-page","status-publish","hentry"],"_links":{"self":[{"href":"https:\/\/frigorificoriomaria.com.br\/en\/wp-json\/wp\/v2\/pages\/1086","targetHints":{"allow":["GET"]}}],"collection":[{"href":"https:\/\/frigorificoriomaria.com.br\/en\/wp-json\/wp\/v2\/pages"}],"about":[{"href":"https:\/\/frigorificoriomaria.com.br\/en\/wp-json\/wp\/v2\/types\/page"}],"author":[{"embeddable":true,"href":"https:\/\/frigorificoriomaria.com.br\/en\/wp-json\/wp\/v2\/users\/3"}],"replies":[{"embeddable":true,"href":"https:\/\/frigorificoriomaria.com.br\/en\/wp-json\/wp\/v2\/comments?post=1086"}],"version-history":[{"count":47,"href":"https:\/\/frigorificoriomaria.com.br\/en\/wp-json\/wp\/v2\/pages\/1086\/revisions"}],"predecessor-version":[{"id":4519,"href":"https:\/\/frigorificoriomaria.com.br\/en\/wp-json\/wp\/v2\/pages\/1086\/revisions\/4519"}],"wp:attachment":[{"href":"https:\/\/frigorificoriomaria.com.br\/en\/wp-json\/wp\/v2\/media?parent=1086"}],"curies":[{"name":"wp","href":"https:\/\/api.w.org\/{rel}","templated":true}]}}