{"id":1117,"date":"2022-05-15T21:31:13","date_gmt":"2022-05-16T00:31:13","guid":{"rendered":"https:\/\/frigorificoriomaria.com.br\/?page_id=1117"},"modified":"2022-11-08T20:54:57","modified_gmt":"2022-11-08T23:54:57","slug":"instalacoes","status":"publish","type":"page","link":"https:\/\/frigorificoriomaria.com.br\/en\/installations\/","title":{"rendered":"Installations"},"content":{"rendered":"<div data-elementor-type=\"wp-page\" data-elementor-id=\"1117\" class=\"elementor elementor-1117\" data-elementor-post-type=\"page\">\n\t\t\t\t\t\t<section class=\"elementor-section elementor-top-section elementor-element elementor-element-717fc93 elementor-section-boxed elementor-section-height-default elementor-section-height-default\" data-id=\"717fc93\" data-element_type=\"section\" data-e-type=\"section\" data-settings=\"{&quot;background_background&quot;:&quot;classic&quot;}\">\n\t\t\t\t\t\t<div class=\"elementor-container elementor-column-gap-default\">\n\t\t\t\t\t<div class=\"elementor-column elementor-col-100 elementor-top-column elementor-element elementor-element-198dc95\" data-id=\"198dc95\" data-element_type=\"column\" data-e-type=\"column\">\n\t\t\t<div class=\"elementor-widget-wrap elementor-element-populated\">\n\t\t\t\t\t\t<div class=\"elementor-element elementor-element-3e187ca elementor-widget__width-auto elementor-widget elementor-widget-heading\" data-id=\"3e187ca\" data-element_type=\"widget\" data-e-type=\"widget\" data-widget_type=\"heading.default\">\n\t\t\t\t<div class=\"elementor-widget-container\">\n\t\t\t\t\t<h1 class=\"elementor-heading-title elementor-size-default\">Installations<\/h1>\t\t\t\t<\/div>\n\t\t\t\t<\/div>\n\t\t\t\t<div class=\"elementor-element elementor-element-463f2ec elementor-widget elementor-widget-spacer\" data-id=\"463f2ec\" data-element_type=\"widget\" data-e-type=\"widget\" data-widget_type=\"spacer.default\">\n\t\t\t\t<div class=\"elementor-widget-container\">\n\t\t\t\t\t\t\t<div class=\"elementor-spacer\">\n\t\t\t<div class=\"elementor-spacer-inner\"><\/div>\n\t\t<\/div>\n\t\t\t\t\t\t<\/div>\n\t\t\t\t<\/div>\n\t\t\t\t\t<\/div>\n\t\t<\/div>\n\t\t\t\t\t<\/div>\n\t\t<\/section>\n\t\t\t\t<section class=\"elementor-section elementor-top-section elementor-element elementor-element-14f2783 elementor-section-boxed elementor-section-height-default elementor-section-height-default\" data-id=\"14f2783\" data-element_type=\"section\" data-e-type=\"section\">\n\t\t\t\t\t\t<div class=\"elementor-container elementor-column-gap-default\">\n\t\t\t\t\t<div class=\"elementor-column elementor-col-100 elementor-top-column elementor-element elementor-element-de59ffa\" data-id=\"de59ffa\" data-element_type=\"column\" data-e-type=\"column\">\n\t\t\t<div class=\"elementor-widget-wrap elementor-element-populated\">\n\t\t\t\t\t\t<div class=\"elementor-element elementor-element-15680fb elementor-widget elementor-widget-text-editor\" data-id=\"15680fb\" data-element_type=\"widget\" data-e-type=\"widget\" data-widget_type=\"text-editor.default\">\n\t\t\t\t<div class=\"elementor-widget-container\">\n\t\t\t\t\t\t\t\t\t<p>The facilities and processes of <b>Frigor\u00edfico Rio Maria<\/b> accompany the evolution and demands of the national and international market.<\/p><p>\u00a0<\/p><p>New and modern equipment and a great search for improvement of its team make Rio Maria meat packing plant meet the demands of the production standards.<\/p>\t\t\t\t\t\t\t\t<\/div>\n\t\t\t\t<\/div>\n\t\t\t\t\t<\/div>\n\t\t<\/div>\n\t\t\t\t\t<\/div>\n\t\t<\/section>\n\t\t\t\t<section class=\"elementor-section elementor-top-section elementor-element elementor-element-29f125e elementor-section-boxed elementor-section-height-default elementor-section-height-default\" data-id=\"29f125e\" data-element_type=\"section\" data-e-type=\"section\">\n\t\t\t\t\t\t<div class=\"elementor-container elementor-column-gap-default\">\n\t\t\t\t\t<div class=\"elementor-column elementor-col-50 elementor-top-column elementor-element elementor-element-413eaa0\" data-id=\"413eaa0\" data-element_type=\"column\" data-e-type=\"column\">\n\t\t\t<div class=\"elementor-widget-wrap elementor-element-populated\">\n\t\t\t\t\t\t<div class=\"elementor-element elementor-element-0e7de83 elementor-widget elementor-widget-video\" data-id=\"0e7de83\" data-element_type=\"widget\" data-e-type=\"widget\" data-settings=\"{&quot;video_type&quot;:&quot;hosted&quot;,&quot;start&quot;:1,&quot;end&quot;:120,&quot;controls&quot;:&quot;yes&quot;}\" data-widget_type=\"video.default\">\n\t\t\t\t<div class=\"elementor-widget-container\">\n\t\t\t\t\t\t\t<div class=\"e-hosted-video elementor-wrapper elementor-open-inline\">\n\t\t\t\t\t<video class=\"elementor-video\" src=\"https:\/\/frigorificoriomaria.com.br\/wp-content\/uploads\/2022\/10\/Frigorifico-Rio-Maria-INGLES-Site.mp4#t=1,120\" controls=\"\" preload=\"metadata\" controlslist=\"nodownload\"><\/video>\n\t\t\t\t<\/div>\n\t\t\t\t\t\t<\/div>\n\t\t\t\t<\/div>\n\t\t\t\t<div class=\"elementor-element elementor-element-38d0b20 elementor-widget elementor-widget-video\" data-id=\"38d0b20\" data-element_type=\"widget\" data-e-type=\"widget\" data-settings=\"{&quot;video_type&quot;:&quot;hosted&quot;,&quot;start&quot;:12,&quot;end&quot;:240,&quot;controls&quot;:&quot;yes&quot;}\" data-widget_type=\"video.default\">\n\t\t\t\t<div class=\"elementor-widget-container\">\n\t\t\t\t\t\t\t<div class=\"e-hosted-video elementor-wrapper elementor-open-inline\">\n\t\t\t\t\t<video class=\"elementor-video\" src=\"https:\/\/frigorificoriomaria.com.br\/wp-content\/uploads\/2022\/05\/Rio-Maria-1.mp4#t=12,240\" controls=\"\" preload=\"metadata\" controlslist=\"nodownload\"><\/video>\n\t\t\t\t<\/div>\n\t\t\t\t\t\t<\/div>\n\t\t\t\t<\/div>\n\t\t\t\t\t<\/div>\n\t\t<\/div>\n\t\t\t\t<div class=\"elementor-column elementor-col-50 elementor-top-column elementor-element elementor-element-85cb2fd\" data-id=\"85cb2fd\" data-element_type=\"column\" data-e-type=\"column\">\n\t\t\t<div class=\"elementor-widget-wrap elementor-element-populated\">\n\t\t\t\t\t\t<div class=\"elementor-element elementor-element-c3346f7 elementor-widget elementor-widget-video\" data-id=\"c3346f7\" data-element_type=\"widget\" data-e-type=\"widget\" data-settings=\"{&quot;video_type&quot;:&quot;hosted&quot;,&quot;start&quot;:12,&quot;end&quot;:81.599999999999994315658113919198513031005859375,&quot;controls&quot;:&quot;yes&quot;}\" data-widget_type=\"video.default\">\n\t\t\t\t<div class=\"elementor-widget-container\">\n\t\t\t\t\t\t\t<div class=\"e-hosted-video elementor-wrapper elementor-open-inline\">\n\t\t\t\t\t<video class=\"elementor-video\" src=\"https:\/\/frigorificoriomaria.com.br\/wp-content\/uploads\/2022\/05\/Rio-Maria-2.mp4#t=12,81.6\" controls=\"\" preload=\"metadata\" controlslist=\"nodownload\"><\/video>\n\t\t\t\t<\/div>\n\t\t\t\t\t\t<\/div>\n\t\t\t\t<\/div>\n\t\t\t\t\t<\/div>\n\t\t<\/div>\n\t\t\t\t\t<\/div>\n\t\t<\/section>\n\t\t\t\t<section class=\"elementor-section elementor-top-section elementor-element elementor-element-b92248d elementor-section-boxed elementor-section-height-default elementor-section-height-default\" data-id=\"b92248d\" data-element_type=\"section\" data-e-type=\"section\">\n\t\t\t\t\t\t<div class=\"elementor-container elementor-column-gap-default\">\n\t\t\t\t\t<div class=\"elementor-column elementor-col-100 elementor-top-column elementor-element elementor-element-49fc25e\" data-id=\"49fc25e\" data-element_type=\"column\" data-e-type=\"column\">\n\t\t\t<div class=\"elementor-widget-wrap elementor-element-populated\">\n\t\t\t\t\t\t<div class=\"elementor-element elementor-element-b170f52 elementor-widget elementor-widget-gallery\" data-id=\"b170f52\" data-element_type=\"widget\" data-e-type=\"widget\" data-settings=\"{&quot;gap&quot;:{&quot;unit&quot;:&quot;px&quot;,&quot;size&quot;:20,&quot;sizes&quot;:[]},&quot;aspect_ratio&quot;:&quot;4:3&quot;,&quot;image_hover_animation&quot;:&quot;shrink-contained&quot;,&quot;content_sequenced_animation&quot;:&quot;yes&quot;,&quot;gap_mobile&quot;:{&quot;unit&quot;:&quot;px&quot;,&quot;size&quot;:20,&quot;sizes&quot;:[]},&quot;columns&quot;:3,&quot;gallery_layout&quot;:&quot;grid&quot;,&quot;columns_tablet&quot;:2,&quot;columns_mobile&quot;:1,&quot;gap_tablet&quot;:{&quot;unit&quot;:&quot;px&quot;,&quot;size&quot;:10,&quot;sizes&quot;:[]},&quot;link_to&quot;:&quot;file&quot;,&quot;content_hover_animation&quot;:&quot;fade-in&quot;}\" data-widget_type=\"gallery.default\">\n\t\t\t\t<div class=\"elementor-widget-container\">\n\t\t\t\t\t\t\t<div class=\"elementor-gallery__container\">\n\t\t\t\t\t\t\t<a class=\"e-gallery-item elementor-gallery-item elementor-animated-content\" href=\"https:\/\/frigorificoriomaria.com.br\/wp-content\/uploads\/2022\/09\/lateral-esquerda.jpg\" data-elementor-open-lightbox=\"yes\" data-elementor-lightbox-slideshow=\"b170f52\" data-elementor-lightbox-title=\"Fachada\" data-e-action-hash=\"#elementor-action%3Aaction%3Dlightbox%26settings%3DeyJpZCI6MjUyMywidXJsIjoiaHR0cHM6XC9cL2ZyaWdvcmlmaWNvcmlvbWFyaWEuY29tLmJyXC93cC1jb250ZW50XC91cGxvYWRzXC8yMDIyXC8wOVwvbGF0ZXJhbC1lc3F1ZXJkYS5qcGciLCJzbGlkZXNob3ciOiJiMTcwZjUyIn0%3D\">\n\t\t\t\t\t<div class=\"e-gallery-image elementor-gallery-item__image\" data-thumbnail=\"https:\/\/frigorificoriomaria.com.br\/wp-content\/uploads\/2022\/09\/lateral-esquerda.jpg\" data-width=\"2000\" data-height=\"1003\" aria-label=\"\" role=\"img\" ><\/div>\n\t\t\t\t\t\t\t\t\t\t\t\t\t\t<\/a>\n\t\t\t\t\t\t\t<a class=\"e-gallery-item elementor-gallery-item elementor-animated-content\" href=\"https:\/\/frigorificoriomaria.com.br\/wp-content\/uploads\/2022\/06\/ALD_2725.jpg\" data-elementor-open-lightbox=\"yes\" data-elementor-lightbox-slideshow=\"b170f52\" data-e-action-hash=\"#elementor-action%3Aaction%3Dlightbox%26settings%3DeyJpZCI6MjE0OCwidXJsIjoiaHR0cHM6XC9cL2ZyaWdvcmlmaWNvcmlvbWFyaWEuY29tLmJyXC93cC1jb250ZW50XC91cGxvYWRzXC8yMDIyXC8wNlwvQUxEXzI3MjUuanBnIiwic2xpZGVzaG93IjoiYjE3MGY1MiJ9\">\n\t\t\t\t\t<div class=\"e-gallery-image elementor-gallery-item__image\" data-thumbnail=\"https:\/\/frigorificoriomaria.com.br\/wp-content\/uploads\/2022\/06\/ALD_2725.jpg\" data-width=\"1500\" data-height=\"805\" aria-label=\"\" role=\"img\" ><\/div>\n\t\t\t\t\t\t\t\t\t\t\t\t\t\t<\/a>\n\t\t\t\t\t\t\t<a class=\"e-gallery-item elementor-gallery-item elementor-animated-content\" href=\"https:\/\/frigorificoriomaria.com.br\/wp-content\/uploads\/2022\/05\/ALD_2997.jpg\" data-elementor-open-lightbox=\"yes\" data-elementor-lightbox-slideshow=\"b170f52\" data-e-action-hash=\"#elementor-action%3Aaction%3Dlightbox%26settings%3DeyJpZCI6MTc3NSwidXJsIjoiaHR0cHM6XC9cL2ZyaWdvcmlmaWNvcmlvbWFyaWEuY29tLmJyXC93cC1jb250ZW50XC91cGxvYWRzXC8yMDIyXC8wNVwvQUxEXzI5OTcuanBnIiwic2xpZGVzaG93IjoiYjE3MGY1MiJ9\">\n\t\t\t\t\t<div class=\"e-gallery-image elementor-gallery-item__image\" data-thumbnail=\"https:\/\/frigorificoriomaria.com.br\/wp-content\/uploads\/2022\/05\/ALD_2997.jpg\" data-width=\"1500\" data-height=\"1000\" aria-label=\"\" role=\"img\" ><\/div>\n\t\t\t\t\t\t\t\t\t\t\t\t\t\t<\/a>\n\t\t\t\t\t\t\t<a class=\"e-gallery-item elementor-gallery-item elementor-animated-content\" href=\"https:\/\/frigorificoriomaria.com.br\/wp-content\/uploads\/2022\/05\/ALD_2976.jpg\" data-elementor-open-lightbox=\"yes\" data-elementor-lightbox-slideshow=\"b170f52\" data-e-action-hash=\"#elementor-action%3Aaction%3Dlightbox%26settings%3DeyJpZCI6MTc3NCwidXJsIjoiaHR0cHM6XC9cL2ZyaWdvcmlmaWNvcmlvbWFyaWEuY29tLmJyXC93cC1jb250ZW50XC91cGxvYWRzXC8yMDIyXC8wNVwvQUxEXzI5NzYuanBnIiwic2xpZGVzaG93IjoiYjE3MGY1MiJ9\">\n\t\t\t\t\t<div class=\"e-gallery-image elementor-gallery-item__image\" data-thumbnail=\"https:\/\/frigorificoriomaria.com.br\/wp-content\/uploads\/2022\/05\/ALD_2976.jpg\" data-width=\"1500\" data-height=\"1000\" aria-label=\"\" role=\"img\" ><\/div>\n\t\t\t\t\t\t\t\t\t\t\t\t\t\t<\/a>\n\t\t\t\t\t\t\t<a class=\"e-gallery-item elementor-gallery-item elementor-animated-content\" href=\"https:\/\/frigorificoriomaria.com.br\/wp-content\/uploads\/2022\/05\/ALD_4329.jpg\" data-elementor-open-lightbox=\"yes\" data-elementor-lightbox-slideshow=\"b170f52\" data-e-action-hash=\"#elementor-action%3Aaction%3Dlightbox%26settings%3DeyJpZCI6MTc4MSwidXJsIjoiaHR0cHM6XC9cL2ZyaWdvcmlmaWNvcmlvbWFyaWEuY29tLmJyXC93cC1jb250ZW50XC91cGxvYWRzXC8yMDIyXC8wNVwvQUxEXzQzMjkuanBnIiwic2xpZGVzaG93IjoiYjE3MGY1MiJ9\">\n\t\t\t\t\t<div class=\"e-gallery-image elementor-gallery-item__image\" data-thumbnail=\"https:\/\/frigorificoriomaria.com.br\/wp-content\/uploads\/2022\/05\/ALD_4329.jpg\" data-width=\"1200\" data-height=\"1800\" aria-label=\"\" role=\"img\" ><\/div>\n\t\t\t\t\t\t\t\t\t\t\t\t\t\t<\/a>\n\t\t\t\t\t\t\t<a class=\"e-gallery-item elementor-gallery-item elementor-animated-content\" href=\"https:\/\/frigorificoriomaria.com.br\/wp-content\/uploads\/2022\/05\/ALD_3778.jpg\" data-elementor-open-lightbox=\"yes\" data-elementor-lightbox-slideshow=\"b170f52\" data-e-action-hash=\"#elementor-action%3Aaction%3Dlightbox%26settings%3DeyJpZCI6MTc4MCwidXJsIjoiaHR0cHM6XC9cL2ZyaWdvcmlmaWNvcmlvbWFyaWEuY29tLmJyXC93cC1jb250ZW50XC91cGxvYWRzXC8yMDIyXC8wNVwvQUxEXzM3NzguanBnIiwic2xpZGVzaG93IjoiYjE3MGY1MiJ9\">\n\t\t\t\t\t<div class=\"e-gallery-image elementor-gallery-item__image\" data-thumbnail=\"https:\/\/frigorificoriomaria.com.br\/wp-content\/uploads\/2022\/05\/ALD_3778.jpg\" data-width=\"1500\" data-height=\"1000\" aria-label=\"\" role=\"img\" ><\/div>\n\t\t\t\t\t\t\t\t\t\t\t\t\t\t<\/a>\n\t\t\t\t\t\t\t<a class=\"e-gallery-item elementor-gallery-item elementor-animated-content\" href=\"https:\/\/frigorificoriomaria.com.br\/wp-content\/uploads\/2022\/05\/ALD_3739.jpg\" data-elementor-open-lightbox=\"yes\" data-elementor-lightbox-slideshow=\"b170f52\" data-e-action-hash=\"#elementor-action%3Aaction%3Dlightbox%26settings%3DeyJpZCI6MTc3OSwidXJsIjoiaHR0cHM6XC9cL2ZyaWdvcmlmaWNvcmlvbWFyaWEuY29tLmJyXC93cC1jb250ZW50XC91cGxvYWRzXC8yMDIyXC8wNVwvQUxEXzM3MzkuanBnIiwic2xpZGVzaG93IjoiYjE3MGY1MiJ9\">\n\t\t\t\t\t<div class=\"e-gallery-image elementor-gallery-item__image\" data-thumbnail=\"https:\/\/frigorificoriomaria.com.br\/wp-content\/uploads\/2022\/05\/ALD_3739.jpg\" data-width=\"1500\" data-height=\"1000\" aria-label=\"\" role=\"img\" ><\/div>\n\t\t\t\t\t\t\t\t\t\t\t\t\t\t<\/a>\n\t\t\t\t\t\t\t<a class=\"e-gallery-item elementor-gallery-item elementor-animated-content\" href=\"https:\/\/frigorificoriomaria.com.br\/wp-content\/uploads\/2022\/05\/ALD_3653.jpg\" data-elementor-open-lightbox=\"yes\" data-elementor-lightbox-slideshow=\"b170f52\" data-e-action-hash=\"#elementor-action%3Aaction%3Dlightbox%26settings%3DeyJpZCI6MTc4MywidXJsIjoiaHR0cHM6XC9cL2ZyaWdvcmlmaWNvcmlvbWFyaWEuY29tLmJyXC93cC1jb250ZW50XC91cGxvYWRzXC8yMDIyXC8wNVwvQUxEXzM2NTMuanBnIiwic2xpZGVzaG93IjoiYjE3MGY1MiJ9\">\n\t\t\t\t\t<div class=\"e-gallery-image elementor-gallery-item__image\" data-thumbnail=\"https:\/\/frigorificoriomaria.com.br\/wp-content\/uploads\/2022\/05\/ALD_3653.jpg\" data-width=\"1500\" data-height=\"1000\" aria-label=\"\" role=\"img\" ><\/div>\n\t\t\t\t\t\t\t\t\t\t\t\t\t\t<\/a>\n\t\t\t\t\t\t\t<a class=\"e-gallery-item elementor-gallery-item elementor-animated-content\" href=\"https:\/\/frigorificoriomaria.com.br\/wp-content\/uploads\/2022\/05\/ALD_3727.jpg\" data-elementor-open-lightbox=\"yes\" data-elementor-lightbox-slideshow=\"b170f52\" data-e-action-hash=\"#elementor-action%3Aaction%3Dlightbox%26settings%3DeyJpZCI6MTc3OCwidXJsIjoiaHR0cHM6XC9cL2ZyaWdvcmlmaWNvcmlvbWFyaWEuY29tLmJyXC93cC1jb250ZW50XC91cGxvYWRzXC8yMDIyXC8wNVwvQUxEXzM3MjcuanBnIiwic2xpZGVzaG93IjoiYjE3MGY1MiJ9\">\n\t\t\t\t\t<div class=\"e-gallery-image elementor-gallery-item__image\" data-thumbnail=\"https:\/\/frigorificoriomaria.com.br\/wp-content\/uploads\/2022\/05\/ALD_3727.jpg\" data-width=\"1500\" data-height=\"2250\" aria-label=\"\" role=\"img\" ><\/div>\n\t\t\t\t\t\t\t\t\t\t\t\t\t\t<\/a>\n\t\t\t\t\t\t\t<a class=\"e-gallery-item elementor-gallery-item elementor-animated-content\" href=\"https:\/\/frigorificoriomaria.com.br\/wp-content\/uploads\/2022\/05\/ALD_3649.jpg\" data-elementor-open-lightbox=\"yes\" data-elementor-lightbox-slideshow=\"b170f52\" data-e-action-hash=\"#elementor-action%3Aaction%3Dlightbox%26settings%3DeyJpZCI6MTc3NiwidXJsIjoiaHR0cHM6XC9cL2ZyaWdvcmlmaWNvcmlvbWFyaWEuY29tLmJyXC93cC1jb250ZW50XC91cGxvYWRzXC8yMDIyXC8wNVwvQUxEXzM2NDkuanBnIiwic2xpZGVzaG93IjoiYjE3MGY1MiJ9\">\n\t\t\t\t\t<div class=\"e-gallery-image elementor-gallery-item__image\" data-thumbnail=\"https:\/\/frigorificoriomaria.com.br\/wp-content\/uploads\/2022\/05\/ALD_3649.jpg\" data-width=\"1500\" data-height=\"1000\" aria-label=\"\" role=\"img\" ><\/div>\n\t\t\t\t\t\t\t\t\t\t\t\t\t\t<\/a>\n\t\t\t\t\t<\/div>\n\t\t\t\t\t<\/div>\n\t\t\t\t<\/div>\n\t\t\t\t\t<\/div>\n\t\t<\/div>\n\t\t\t\t\t<\/div>\n\t\t<\/section>\n\t\t\t\t<section class=\"elementor-section elementor-top-section elementor-element elementor-element-ad0e2ff elementor-section-boxed elementor-section-height-default elementor-section-height-default\" data-id=\"ad0e2ff\" data-element_type=\"section\" data-e-type=\"section\">\n\t\t\t\t\t\t<div class=\"elementor-container elementor-column-gap-default\">\n\t\t\t\t\t<div class=\"elementor-column elementor-col-100 elementor-top-column elementor-element elementor-element-8a53228\" data-id=\"8a53228\" data-element_type=\"column\" data-e-type=\"column\">\n\t\t\t<div class=\"elementor-widget-wrap elementor-element-populated\">\n\t\t\t\t\t\t<div class=\"elementor-element elementor-element-73ce0fb elementor-widget elementor-widget-spacer\" data-id=\"73ce0fb\" data-element_type=\"widget\" data-e-type=\"widget\" data-widget_type=\"spacer.default\">\n\t\t\t\t<div class=\"elementor-widget-container\">\n\t\t\t\t\t\t\t<div class=\"elementor-spacer\">\n\t\t\t<div class=\"elementor-spacer-inner\"><\/div>\n\t\t<\/div>\n\t\t\t\t\t\t<\/div>\n\t\t\t\t<\/div>\n\t\t\t\t\t<\/div>\n\t\t<\/div>\n\t\t\t\t\t<\/div>\n\t\t<\/section>\n\t\t\t\t<\/div>","protected":false},"excerpt":{"rendered":"<p>As instala\u00e7\u00f5es e os processos do Frigor\u00edfico Rio Maria acompanham a evolu\u00e7\u00e3o e exig\u00eancias do mercado nacional e internacional. \u00a0 Equipamentos novos e modernos e uma grande busca por aprimoramentos de sua equipe, fazem com que o frigor\u00edfico Rio Maria venha a satisfazer as exig\u00eancias das normas de produ\u00e7\u00e3o. https:\/\/frigorificoriomaria.com.br\/wp-content\/uploads\/2022\/10\/Frigorifico-Rio-Maria-INGLES-Site.mp4#t=1,120https:\/\/frigorificoriomaria.com.br\/wp-content\/uploads\/2022\/05\/Rio-Maria-1.mp4#t=12,240https:\/\/frigorificoriomaria.com.br\/wp-content\/uploads\/2022\/05\/Rio-Maria-2.mp4#t=12,81.6<\/p>","protected":false},"author":3,"featured_media":0,"parent":0,"menu_order":0,"comment_status":"closed","ping_status":"closed","template":"","meta":{"inline_featured_image":false,"footnotes":""},"class_list":["post-1117","page","type-page","status-publish","hentry"],"_links":{"self":[{"href":"https:\/\/frigorificoriomaria.com.br\/en\/wp-json\/wp\/v2\/pages\/1117","targetHints":{"allow":["GET"]}}],"collection":[{"href":"https:\/\/frigorificoriomaria.com.br\/en\/wp-json\/wp\/v2\/pages"}],"about":[{"href":"https:\/\/frigorificoriomaria.com.br\/en\/wp-json\/wp\/v2\/types\/page"}],"author":[{"embeddable":true,"href":"https:\/\/frigorificoriomaria.com.br\/en\/wp-json\/wp\/v2\/users\/3"}],"replies":[{"embeddable":true,"href":"https:\/\/frigorificoriomaria.com.br\/en\/wp-json\/wp\/v2\/comments?post=1117"}],"version-history":[{"count":66,"href":"https:\/\/frigorificoriomaria.com.br\/en\/wp-json\/wp\/v2\/pages\/1117\/revisions"}],"predecessor-version":[{"id":2556,"href":"https:\/\/frigorificoriomaria.com.br\/en\/wp-json\/wp\/v2\/pages\/1117\/revisions\/2556"}],"wp:attachment":[{"href":"https:\/\/frigorificoriomaria.com.br\/en\/wp-json\/wp\/v2\/media?parent=1117"}],"curies":[{"name":"wp","href":"https:\/\/api.w.org\/{rel}","templated":true}]}}