{"id":1142,"date":"2022-05-15T21:39:35","date_gmt":"2022-05-16T00:39:35","guid":{"rendered":"https:\/\/frigorificoriomaria.com.br\/?page_id=1142"},"modified":"2022-06-20T22:31:20","modified_gmt":"2022-06-21T01:31:20","slug":"exportacao","status":"publish","type":"page","link":"https:\/\/frigorificoriomaria.com.br\/en\/exporting\/","title":{"rendered":"Exporting"},"content":{"rendered":"<div data-elementor-type=\"wp-page\" data-elementor-id=\"1142\" class=\"elementor elementor-1142\" data-elementor-post-type=\"page\">\n\t\t\t\t\t\t<section class=\"elementor-section elementor-top-section elementor-element elementor-element-717fc93 elementor-section-boxed elementor-section-height-default elementor-section-height-default\" data-id=\"717fc93\" data-element_type=\"section\" data-e-type=\"section\" data-settings=\"{&quot;background_background&quot;:&quot;classic&quot;}\">\n\t\t\t\t\t\t<div class=\"elementor-container elementor-column-gap-default\">\n\t\t\t\t\t<div class=\"elementor-column elementor-col-100 elementor-top-column elementor-element elementor-element-198dc95\" data-id=\"198dc95\" data-element_type=\"column\" data-e-type=\"column\">\n\t\t\t<div class=\"elementor-widget-wrap elementor-element-populated\">\n\t\t\t\t\t\t<div class=\"elementor-element elementor-element-3e187ca elementor-widget__width-auto elementor-widget elementor-widget-heading\" data-id=\"3e187ca\" data-element_type=\"widget\" data-e-type=\"widget\" data-widget_type=\"heading.default\">\n\t\t\t\t<div class=\"elementor-widget-container\">\n\t\t\t\t\t<h1 class=\"elementor-heading-title elementor-size-default\">Exporting<\/h1>\t\t\t\t<\/div>\n\t\t\t\t<\/div>\n\t\t\t\t<div class=\"elementor-element elementor-element-463f2ec elementor-widget elementor-widget-spacer\" data-id=\"463f2ec\" data-element_type=\"widget\" data-e-type=\"widget\" data-widget_type=\"spacer.default\">\n\t\t\t\t<div class=\"elementor-widget-container\">\n\t\t\t\t\t\t\t<div class=\"elementor-spacer\">\n\t\t\t<div class=\"elementor-spacer-inner\"><\/div>\n\t\t<\/div>\n\t\t\t\t\t\t<\/div>\n\t\t\t\t<\/div>\n\t\t\t\t\t<\/div>\n\t\t<\/div>\n\t\t\t\t\t<\/div>\n\t\t<\/section>\n\t\t\t\t<section class=\"elementor-section elementor-top-section elementor-element elementor-element-14f2783 elementor-section-boxed elementor-section-height-default elementor-section-height-default\" data-id=\"14f2783\" data-element_type=\"section\" data-e-type=\"section\">\n\t\t\t\t\t\t<div class=\"elementor-container elementor-column-gap-default\">\n\t\t\t\t\t<div class=\"elementor-column elementor-col-100 elementor-top-column elementor-element elementor-element-de59ffa\" data-id=\"de59ffa\" data-element_type=\"column\" data-e-type=\"column\">\n\t\t\t<div class=\"elementor-widget-wrap elementor-element-populated\">\n\t\t\t\t\t\t<div class=\"elementor-element elementor-element-15680fb elementor-widget elementor-widget-text-editor\" data-id=\"15680fb\" data-element_type=\"widget\" data-e-type=\"widget\" data-widget_type=\"text-editor.default\">\n\t\t\t\t<div class=\"elementor-widget-container\">\n\t\t\t\t\t\t\t\t\t<p><img fetchpriority=\"high\" decoding=\"async\" class=\"margin-right-bottom img-responsive alignleft wp-image-1787 size-full\" src=\"https:\/\/frigorificoriomaria.com.br\/wp-content\/uploads\/2022\/05\/alterar-foto-da-aba-exportacao.jpg\" alt=\"\" width=\"512\" height=\"342\" srcset=\"https:\/\/frigorificoriomaria.com.br\/wp-content\/uploads\/2022\/05\/alterar-foto-da-aba-exportacao.jpg 512w, https:\/\/frigorificoriomaria.com.br\/wp-content\/uploads\/2022\/05\/alterar-foto-da-aba-exportacao-300x200.jpg 300w, https:\/\/frigorificoriomaria.com.br\/wp-content\/uploads\/2022\/05\/alterar-foto-da-aba-exportacao-18x12.jpg 18w\" sizes=\"(max-width: 512px) 100vw, 512px\" \/><\/p><p>The <b>Frigor\u00edfico Rio Maria<\/b> is certified to export Beef and offal \"in natura\" to Egypt, Arab Emirates, Hong Kong , Venezuela, Peru and all the countries on the General List. Our goal is, mainly, to export Quality, meeting the sanitary requirements of the most rigorous markets and adapting to the needs and cultures of each country, such as Halal slaughter.<br \/><br \/><\/p><p>After being very successful in the national market, the brand <b>Frigor\u00edfico Rio Maria<\/b> has gone beyond the borders of Brazil and has conquered new clients abroad due to its quality, seriousness, and commitment to the export process, which starts from the negotiation and extends through production and logistics, all the way to the final client.<br \/><br \/><\/p><p>We have the privilege of being located in the state of Par\u00e1, an area free of foot-and-mouth disease with vaccination, where there are the best pastures and climatic conditions for raising cattle outdoors (green cattle).<br \/><br \/><\/p><p>The <b>Frigor\u00edfico Rio Maria<\/b> is rigorous in the selection of its animals, as well as in its production process (storage and temperature), which guarantees its customers a final product of the highest quality.<\/p>\t\t\t\t\t\t\t\t<\/div>\n\t\t\t\t<\/div>\n\t\t\t\t\t<\/div>\n\t\t<\/div>\n\t\t\t\t\t<\/div>\n\t\t<\/section>\n\t\t\t\t<section class=\"elementor-section elementor-top-section elementor-element elementor-element-ad0e2ff elementor-section-boxed elementor-section-height-default elementor-section-height-default\" data-id=\"ad0e2ff\" data-element_type=\"section\" data-e-type=\"section\">\n\t\t\t\t\t\t<div class=\"elementor-container elementor-column-gap-default\">\n\t\t\t\t\t<div class=\"elementor-column elementor-col-100 elementor-top-column elementor-element elementor-element-8a53228\" data-id=\"8a53228\" data-element_type=\"column\" data-e-type=\"column\">\n\t\t\t<div class=\"elementor-widget-wrap elementor-element-populated\">\n\t\t\t\t\t\t<div class=\"elementor-element elementor-element-73ce0fb elementor-widget elementor-widget-spacer\" data-id=\"73ce0fb\" data-element_type=\"widget\" data-e-type=\"widget\" data-widget_type=\"spacer.default\">\n\t\t\t\t<div class=\"elementor-widget-container\">\n\t\t\t\t\t\t\t<div class=\"elementor-spacer\">\n\t\t\t<div class=\"elementor-spacer-inner\"><\/div>\n\t\t<\/div>\n\t\t\t\t\t\t<\/div>\n\t\t\t\t<\/div>\n\t\t\t\t\t<\/div>\n\t\t<\/div>\n\t\t\t\t\t<\/div>\n\t\t<\/section>\n\t\t\t\t<\/div>","protected":false},"excerpt":{"rendered":"<p>O Frigor\u00edfico Rio Maria \u00e9 certificado para exportar Carne e Mi\u00fados de Bovinos &#8220;in natura&#8221; para Egito, Emirados \u00c1rabes, Hong Kong , Venezuela, Peru e todos os pa\u00edses da Lista Geral. O nosso objetivo \u00e9, principalmente, exportar Qualidade, atendendo as exig\u00eancias sanit\u00e1rias dos mais rigorosos mercados e adaptando \u00e0s necessidades e culturas de cada pa\u00eds, [&hellip;]<\/p>","protected":false},"author":3,"featured_media":0,"parent":0,"menu_order":0,"comment_status":"closed","ping_status":"closed","template":"","meta":{"inline_featured_image":false,"footnotes":""},"class_list":["post-1142","page","type-page","status-publish","hentry"],"_links":{"self":[{"href":"https:\/\/frigorificoriomaria.com.br\/en\/wp-json\/wp\/v2\/pages\/1142","targetHints":{"allow":["GET"]}}],"collection":[{"href":"https:\/\/frigorificoriomaria.com.br\/en\/wp-json\/wp\/v2\/pages"}],"about":[{"href":"https:\/\/frigorificoriomaria.com.br\/en\/wp-json\/wp\/v2\/types\/page"}],"author":[{"embeddable":true,"href":"https:\/\/frigorificoriomaria.com.br\/en\/wp-json\/wp\/v2\/users\/3"}],"replies":[{"embeddable":true,"href":"https:\/\/frigorificoriomaria.com.br\/en\/wp-json\/wp\/v2\/comments?post=1142"}],"version-history":[{"count":28,"href":"https:\/\/frigorificoriomaria.com.br\/en\/wp-json\/wp\/v2\/pages\/1142\/revisions"}],"predecessor-version":[{"id":2435,"href":"https:\/\/frigorificoriomaria.com.br\/en\/wp-json\/wp\/v2\/pages\/1142\/revisions\/2435"}],"wp:attachment":[{"href":"https:\/\/frigorificoriomaria.com.br\/en\/wp-json\/wp\/v2\/media?parent=1142"}],"curies":[{"name":"wp","href":"https:\/\/api.w.org\/{rel}","templated":true}]}}