{"id":1252,"date":"2022-05-18T21:39:35","date_gmt":"2022-05-19T00:39:35","guid":{"rendered":"https:\/\/frigorificoriomaria.com.br\/?page_id=1252"},"modified":"2022-06-20T22:36:24","modified_gmt":"2022-06-21T01:36:24","slug":"miudos","status":"publish","type":"page","link":"https:\/\/frigorificoriomaria.com.br\/en\/giblets\/","title":{"rendered":"Giblets"},"content":{"rendered":"<div data-elementor-type=\"wp-page\" data-elementor-id=\"1252\" class=\"elementor elementor-1252\" data-elementor-post-type=\"page\">\n\t\t\t\t\t\t<section class=\"elementor-section elementor-top-section elementor-element elementor-element-717fc93 elementor-section-boxed elementor-section-height-default elementor-section-height-default\" data-id=\"717fc93\" data-element_type=\"section\" data-e-type=\"section\" data-settings=\"{&quot;background_background&quot;:&quot;classic&quot;}\">\n\t\t\t\t\t\t<div class=\"elementor-container elementor-column-gap-default\">\n\t\t\t\t\t<div class=\"elementor-column elementor-col-100 elementor-top-column elementor-element elementor-element-198dc95\" data-id=\"198dc95\" data-element_type=\"column\" data-e-type=\"column\">\n\t\t\t<div class=\"elementor-widget-wrap elementor-element-populated\">\n\t\t\t\t\t\t<div class=\"elementor-element elementor-element-3e187ca elementor-widget__width-auto elementor-widget elementor-widget-heading\" data-id=\"3e187ca\" data-element_type=\"widget\" data-e-type=\"widget\" data-widget_type=\"heading.default\">\n\t\t\t\t<div class=\"elementor-widget-container\">\n\t\t\t\t\t<h1 class=\"elementor-heading-title elementor-size-default\">Giblets<\/h1>\t\t\t\t<\/div>\n\t\t\t\t<\/div>\n\t\t\t\t<div class=\"elementor-element elementor-element-463f2ec elementor-widget elementor-widget-spacer\" data-id=\"463f2ec\" data-element_type=\"widget\" data-e-type=\"widget\" data-widget_type=\"spacer.default\">\n\t\t\t\t<div class=\"elementor-widget-container\">\n\t\t\t\t\t\t\t<div class=\"elementor-spacer\">\n\t\t\t<div class=\"elementor-spacer-inner\"><\/div>\n\t\t<\/div>\n\t\t\t\t\t\t<\/div>\n\t\t\t\t<\/div>\n\t\t\t\t<div class=\"elementor-element elementor-element-12be50d elementor-widget__width-auto elementor-widget elementor-widget-heading\" data-id=\"12be50d\" data-element_type=\"widget\" data-e-type=\"widget\" data-widget_type=\"heading.default\">\n\t\t\t\t<div class=\"elementor-widget-container\">\n\t\t\t\t\t<h2 class=\"elementor-heading-title elementor-size-default\">Products<\/h2>\t\t\t\t<\/div>\n\t\t\t\t<\/div>\n\t\t\t\t\t<\/div>\n\t\t<\/div>\n\t\t\t\t\t<\/div>\n\t\t<\/section>\n\t\t\t\t<section class=\"elementor-section elementor-top-section elementor-element elementor-element-410c9954 elementor-section-boxed elementor-section-height-default elementor-section-height-default\" data-id=\"410c9954\" data-element_type=\"section\" data-e-type=\"section\">\n\t\t\t\t\t\t<div class=\"elementor-container elementor-column-gap-default\">\n\t\t\t\t\t<div class=\"elementor-column elementor-col-100 elementor-top-column elementor-element elementor-element-4c2a8aae\" data-id=\"4c2a8aae\" data-element_type=\"column\" data-e-type=\"column\">\n\t\t\t<div class=\"elementor-widget-wrap elementor-element-populated\">\n\t\t\t\t\t\t<div class=\"elementor-element elementor-element-f868ef5 gallery-spacing-custom elementor-widget elementor-widget-image-gallery\" data-id=\"f868ef5\" data-element_type=\"widget\" data-e-type=\"widget\" data-widget_type=\"image-gallery.default\">\n\t\t\t\t<div class=\"elementor-widget-container\">\n\t\t\t\t\t\t\t<div class=\"elementor-image-gallery\">\n\t\t\t<div id='gallery-1' class='gallery galleryid-1252 gallery-columns-5 gallery-size-medium'><figure class='gallery-item'>\n\t\t\t<div class='gallery-icon landscape'>\n\t\t\t\t<a data-elementor-open-lightbox=\"yes\" data-elementor-lightbox-slideshow=\"f868ef5\" data-elementor-lightbox-title=\"Cora\u00e7\u00e3o\" data-e-action-hash=\"#elementor-action%3Aaction%3Dlightbox%26settings%3DeyJpZCI6MTg5MywidXJsIjoiaHR0cHM6XC9cL2ZyaWdvcmlmaWNvcmlvbWFyaWEuY29tLmJyXC93cC1jb250ZW50XC91cGxvYWRzXC8yMDIyXC8wNlwvY29yYWNhby5qcGciLCJzbGlkZXNob3ciOiJmODY4ZWY1In0%3D\" href='https:\/\/frigorificoriomaria.com.br\/wp-content\/uploads\/2022\/06\/coracao.jpg'><img fetchpriority=\"high\" decoding=\"async\" width=\"300\" height=\"200\" src=\"https:\/\/frigorificoriomaria.com.br\/wp-content\/uploads\/2022\/06\/coracao-300x200.jpg\" class=\"attachment-medium size-medium\" alt=\"\" aria-describedby=\"gallery-1-1893\" srcset=\"https:\/\/frigorificoriomaria.com.br\/wp-content\/uploads\/2022\/06\/coracao-300x200.jpg 300w, https:\/\/frigorificoriomaria.com.br\/wp-content\/uploads\/2022\/06\/coracao-18x12.jpg 18w, https:\/\/frigorificoriomaria.com.br\/wp-content\/uploads\/2022\/06\/coracao.jpg 720w\" sizes=\"(max-width: 300px) 100vw, 300px\" \/><\/a>\n\t\t\t<\/div>\n\t\t\t\t<figcaption class='wp-caption-text gallery-caption' id='gallery-1-1893'>\n\t\t\t\tHEART\n\t\t\t\t<\/figcaption><\/figure><figure class='gallery-item'>\n\t\t\t<div class='gallery-icon landscape'>\n\t\t\t\t<a data-elementor-open-lightbox=\"yes\" data-elementor-lightbox-slideshow=\"f868ef5\" data-elementor-lightbox-title=\"Lombinho\" data-e-action-hash=\"#elementor-action%3Aaction%3Dlightbox%26settings%3DeyJpZCI6MTg5NSwidXJsIjoiaHR0cHM6XC9cL2ZyaWdvcmlmaWNvcmlvbWFyaWEuY29tLmJyXC93cC1jb250ZW50XC91cGxvYWRzXC8yMDIyXC8wNlwvbG9tYmluaG8uanBnIiwic2xpZGVzaG93IjoiZjg2OGVmNSJ9\" href='https:\/\/frigorificoriomaria.com.br\/wp-content\/uploads\/2022\/06\/lombinho.jpg'><img decoding=\"async\" width=\"300\" height=\"200\" src=\"https:\/\/frigorificoriomaria.com.br\/wp-content\/uploads\/2022\/06\/lombinho-300x200.jpg\" class=\"attachment-medium size-medium\" alt=\"\" aria-describedby=\"gallery-1-1895\" srcset=\"https:\/\/frigorificoriomaria.com.br\/wp-content\/uploads\/2022\/06\/lombinho-300x200.jpg 300w, https:\/\/frigorificoriomaria.com.br\/wp-content\/uploads\/2022\/06\/lombinho-18x12.jpg 18w, https:\/\/frigorificoriomaria.com.br\/wp-content\/uploads\/2022\/06\/lombinho.jpg 720w\" sizes=\"(max-width: 300px) 100vw, 300px\" \/><\/a>\n\t\t\t<\/div>\n\t\t\t\t<figcaption class='wp-caption-text gallery-caption' id='gallery-1-1895'>\n\t\t\t\tTenderloin\n\t\t\t\t<\/figcaption><\/figure><figure class='gallery-item'>\n\t\t\t<div class='gallery-icon landscape'>\n\t\t\t\t<a data-elementor-open-lightbox=\"yes\" data-elementor-lightbox-slideshow=\"f868ef5\" data-elementor-lightbox-title=\"Rabo\" data-e-action-hash=\"#elementor-action%3Aaction%3Dlightbox%26settings%3DeyJpZCI6MTg5NiwidXJsIjoiaHR0cHM6XC9cL2ZyaWdvcmlmaWNvcmlvbWFyaWEuY29tLmJyXC93cC1jb250ZW50XC91cGxvYWRzXC8yMDIyXC8wNlwvUmFiby5qcGciLCJzbGlkZXNob3ciOiJmODY4ZWY1In0%3D\" href='https:\/\/frigorificoriomaria.com.br\/wp-content\/uploads\/2022\/06\/Rabo.jpg'><img decoding=\"async\" width=\"300\" height=\"200\" src=\"https:\/\/frigorificoriomaria.com.br\/wp-content\/uploads\/2022\/06\/Rabo-300x200.jpg\" class=\"attachment-medium size-medium\" alt=\"\" aria-describedby=\"gallery-1-1896\" srcset=\"https:\/\/frigorificoriomaria.com.br\/wp-content\/uploads\/2022\/06\/Rabo-300x200.jpg 300w, https:\/\/frigorificoriomaria.com.br\/wp-content\/uploads\/2022\/06\/Rabo-18x12.jpg 18w, https:\/\/frigorificoriomaria.com.br\/wp-content\/uploads\/2022\/06\/Rabo.jpg 720w\" sizes=\"(max-width: 300px) 100vw, 300px\" \/><\/a>\n\t\t\t<\/div>\n\t\t\t\t<figcaption class='wp-caption-text gallery-caption' id='gallery-1-1896'>\n\t\t\t\tTAIL\n\t\t\t\t<\/figcaption><\/figure><figure class='gallery-item'>\n\t\t\t<div class='gallery-icon landscape'>\n\t\t\t\t<a data-elementor-open-lightbox=\"yes\" data-elementor-lightbox-slideshow=\"f868ef5\" data-elementor-lightbox-title=\"Bife do Vazio\" data-e-action-hash=\"#elementor-action%3Aaction%3Dlightbox%26settings%3DeyJpZCI6MTkwMCwidXJsIjoiaHR0cHM6XC9cL2ZyaWdvcmlmaWNvcmlvbWFyaWEuY29tLmJyXC93cC1jb250ZW50XC91cGxvYWRzXC8yMDIyXC8wNlwvQmlmZS1kby1WYXppby5qcGciLCJzbGlkZXNob3ciOiJmODY4ZWY1In0%3D\" href='https:\/\/frigorificoriomaria.com.br\/wp-content\/uploads\/2022\/06\/Bife-do-Vazio.jpg'><img loading=\"lazy\" decoding=\"async\" width=\"300\" height=\"200\" src=\"https:\/\/frigorificoriomaria.com.br\/wp-content\/uploads\/2022\/06\/Bife-do-Vazio-300x200.jpg\" class=\"attachment-medium size-medium\" alt=\"\" aria-describedby=\"gallery-1-1900\" srcset=\"https:\/\/frigorificoriomaria.com.br\/wp-content\/uploads\/2022\/06\/Bife-do-Vazio-300x200.jpg 300w, https:\/\/frigorificoriomaria.com.br\/wp-content\/uploads\/2022\/06\/Bife-do-Vazio-18x12.jpg 18w, https:\/\/frigorificoriomaria.com.br\/wp-content\/uploads\/2022\/06\/Bife-do-Vazio.jpg 720w\" sizes=\"(max-width: 300px) 100vw, 300px\" \/><\/a>\n\t\t\t<\/div>\n\t\t\t\t<figcaption class='wp-caption-text gallery-caption' id='gallery-1-1900'>\n\t\t\t\tThin Flank\n\t\t\t\t<\/figcaption><\/figure><figure class='gallery-item'>\n\t\t\t<div class='gallery-icon landscape'>\n\t\t\t\t<a data-elementor-open-lightbox=\"yes\" data-elementor-lightbox-slideshow=\"f868ef5\" data-elementor-lightbox-title=\"L\u00edngua\" data-e-action-hash=\"#elementor-action%3Aaction%3Dlightbox%26settings%3DeyJpZCI6MTkwMiwidXJsIjoiaHR0cHM6XC9cL2ZyaWdvcmlmaWNvcmlvbWFyaWEuY29tLmJyXC93cC1jb250ZW50XC91cGxvYWRzXC8yMDIyXC8wNlwvTGluZ3VhLmpwZyIsInNsaWRlc2hvdyI6ImY4NjhlZjUifQ%3D%3D\" href='https:\/\/frigorificoriomaria.com.br\/wp-content\/uploads\/2022\/06\/Lingua.jpg'><img loading=\"lazy\" decoding=\"async\" width=\"300\" height=\"200\" src=\"https:\/\/frigorificoriomaria.com.br\/wp-content\/uploads\/2022\/06\/Lingua-300x200.jpg\" class=\"attachment-medium size-medium\" alt=\"\" aria-describedby=\"gallery-1-1902\" srcset=\"https:\/\/frigorificoriomaria.com.br\/wp-content\/uploads\/2022\/06\/Lingua-300x200.jpg 300w, https:\/\/frigorificoriomaria.com.br\/wp-content\/uploads\/2022\/06\/Lingua-18x12.jpg 18w, https:\/\/frigorificoriomaria.com.br\/wp-content\/uploads\/2022\/06\/Lingua.jpg 720w\" sizes=\"(max-width: 300px) 100vw, 300px\" \/><\/a>\n\t\t\t<\/div>\n\t\t\t\t<figcaption class='wp-caption-text gallery-caption' id='gallery-1-1902'>\n\t\t\t\tTONGUE\n\t\t\t\t<\/figcaption><\/figure><figure class='gallery-item'>\n\t\t\t<div class='gallery-icon landscape'>\n\t\t\t\t<a data-elementor-open-lightbox=\"yes\" data-elementor-lightbox-slideshow=\"f868ef5\" data-elementor-lightbox-title=\"Rins\" data-e-action-hash=\"#elementor-action%3Aaction%3Dlightbox%26settings%3DeyJpZCI6MTkwMywidXJsIjoiaHR0cHM6XC9cL2ZyaWdvcmlmaWNvcmlvbWFyaWEuY29tLmJyXC93cC1jb250ZW50XC91cGxvYWRzXC8yMDIyXC8wNlwvUmlucy5qcGciLCJzbGlkZXNob3ciOiJmODY4ZWY1In0%3D\" href='https:\/\/frigorificoriomaria.com.br\/wp-content\/uploads\/2022\/06\/Rins.jpg'><img loading=\"lazy\" decoding=\"async\" width=\"300\" height=\"200\" src=\"https:\/\/frigorificoriomaria.com.br\/wp-content\/uploads\/2022\/06\/Rins-300x200.jpg\" class=\"attachment-medium size-medium\" alt=\"\" aria-describedby=\"gallery-1-1903\" srcset=\"https:\/\/frigorificoriomaria.com.br\/wp-content\/uploads\/2022\/06\/Rins-300x200.jpg 300w, https:\/\/frigorificoriomaria.com.br\/wp-content\/uploads\/2022\/06\/Rins-18x12.jpg 18w, https:\/\/frigorificoriomaria.com.br\/wp-content\/uploads\/2022\/06\/Rins.jpg 720w\" sizes=\"(max-width: 300px) 100vw, 300px\" \/><\/a>\n\t\t\t<\/div>\n\t\t\t\t<figcaption class='wp-caption-text gallery-caption' id='gallery-1-1903'>\n\t\t\t\tKIDNEYS\n\t\t\t\t<\/figcaption><\/figure><figure class='gallery-item'>\n\t\t\t<div class='gallery-icon landscape'>\n\t\t\t\t<a data-elementor-open-lightbox=\"yes\" data-elementor-lightbox-slideshow=\"f868ef5\" data-elementor-lightbox-title=\"F\u00edgado\" data-e-action-hash=\"#elementor-action%3Aaction%3Dlightbox%26settings%3DeyJpZCI6MTkwNCwidXJsIjoiaHR0cHM6XC9cL2ZyaWdvcmlmaWNvcmlvbWFyaWEuY29tLmJyXC93cC1jb250ZW50XC91cGxvYWRzXC8yMDIyXC8wNlwvRmlnYWRvLmpwZyIsInNsaWRlc2hvdyI6ImY4NjhlZjUifQ%3D%3D\" href='https:\/\/frigorificoriomaria.com.br\/wp-content\/uploads\/2022\/06\/Figado.jpg'><img loading=\"lazy\" decoding=\"async\" width=\"300\" height=\"200\" src=\"https:\/\/frigorificoriomaria.com.br\/wp-content\/uploads\/2022\/06\/Figado-300x200.jpg\" class=\"attachment-medium size-medium\" alt=\"\" aria-describedby=\"gallery-1-1904\" srcset=\"https:\/\/frigorificoriomaria.com.br\/wp-content\/uploads\/2022\/06\/Figado-300x200.jpg 300w, https:\/\/frigorificoriomaria.com.br\/wp-content\/uploads\/2022\/06\/Figado-18x12.jpg 18w, https:\/\/frigorificoriomaria.com.br\/wp-content\/uploads\/2022\/06\/Figado.jpg 720w\" sizes=\"(max-width: 300px) 100vw, 300px\" \/><\/a>\n\t\t\t<\/div>\n\t\t\t\t<figcaption class='wp-caption-text gallery-caption' id='gallery-1-1904'>\n\t\t\t\tLiver\n\t\t\t\t<\/figcaption><\/figure><figure class='gallery-item'>\n\t\t\t<div class='gallery-icon landscape'>\n\t\t\t\t<a data-elementor-open-lightbox=\"yes\" data-elementor-lightbox-slideshow=\"f868ef5\" data-elementor-lightbox-title=\"Ba\u00e7o\" data-e-action-hash=\"#elementor-action%3Aaction%3Dlightbox%26settings%3DeyJpZCI6MTk0OCwidXJsIjoiaHR0cHM6XC9cL2ZyaWdvcmlmaWNvcmlvbWFyaWEuY29tLmJyXC93cC1jb250ZW50XC91cGxvYWRzXC8yMDIyXC8wNlwvQmFjby5qcGciLCJzbGlkZXNob3ciOiJmODY4ZWY1In0%3D\" href='https:\/\/frigorificoriomaria.com.br\/wp-content\/uploads\/2022\/06\/Baco.jpg'><img loading=\"lazy\" decoding=\"async\" width=\"300\" height=\"200\" src=\"https:\/\/frigorificoriomaria.com.br\/wp-content\/uploads\/2022\/06\/Baco-300x200.jpg\" class=\"attachment-medium size-medium\" alt=\"\" aria-describedby=\"gallery-1-1948\" srcset=\"https:\/\/frigorificoriomaria.com.br\/wp-content\/uploads\/2022\/06\/Baco-300x200.jpg 300w, https:\/\/frigorificoriomaria.com.br\/wp-content\/uploads\/2022\/06\/Baco-18x12.jpg 18w, https:\/\/frigorificoriomaria.com.br\/wp-content\/uploads\/2022\/06\/Baco.jpg 720w\" sizes=\"(max-width: 300px) 100vw, 300px\" \/><\/a>\n\t\t\t<\/div>\n\t\t\t\t<figcaption class='wp-caption-text gallery-caption' id='gallery-1-1948'>\n\t\t\t\tSpleen\n\t\t\t\t<\/figcaption><\/figure><figure class='gallery-item'>\n\t\t\t<div class='gallery-icon landscape'>\n\t\t\t\t<a data-elementor-open-lightbox=\"yes\" data-elementor-lightbox-slideshow=\"f868ef5\" data-elementor-lightbox-title=\"Carne Industrial\" data-e-action-hash=\"#elementor-action%3Aaction%3Dlightbox%26settings%3DeyJpZCI6MTk0OSwidXJsIjoiaHR0cHM6XC9cL2ZyaWdvcmlmaWNvcmlvbWFyaWEuY29tLmJyXC93cC1jb250ZW50XC91cGxvYWRzXC8yMDIyXC8wNlwvQ2FybmUtSW5kdXN0cmlhbC5qcGciLCJzbGlkZXNob3ciOiJmODY4ZWY1In0%3D\" href='https:\/\/frigorificoriomaria.com.br\/wp-content\/uploads\/2022\/06\/Carne-Industrial.jpg'><img loading=\"lazy\" decoding=\"async\" width=\"300\" height=\"200\" src=\"https:\/\/frigorificoriomaria.com.br\/wp-content\/uploads\/2022\/06\/Carne-Industrial-300x200.jpg\" class=\"attachment-medium size-medium\" alt=\"\" aria-describedby=\"gallery-1-1949\" srcset=\"https:\/\/frigorificoriomaria.com.br\/wp-content\/uploads\/2022\/06\/Carne-Industrial-300x200.jpg 300w, https:\/\/frigorificoriomaria.com.br\/wp-content\/uploads\/2022\/06\/Carne-Industrial-18x12.jpg 18w, https:\/\/frigorificoriomaria.com.br\/wp-content\/uploads\/2022\/06\/Carne-Industrial.jpg 720w\" sizes=\"(max-width: 300px) 100vw, 300px\" \/><\/a>\n\t\t\t<\/div>\n\t\t\t\t<figcaption class='wp-caption-text gallery-caption' id='gallery-1-1949'>\n\t\t\t\tIndustrial Meat\n\t\t\t\t<\/figcaption><\/figure><figure class='gallery-item'>\n\t\t\t<div class='gallery-icon landscape'>\n\t\t\t\t<a data-elementor-open-lightbox=\"yes\" data-elementor-lightbox-slideshow=\"f868ef5\" data-elementor-lightbox-title=\"Diafragma\" data-e-action-hash=\"#elementor-action%3Aaction%3Dlightbox%26settings%3DeyJpZCI6MTk1MCwidXJsIjoiaHR0cHM6XC9cL2ZyaWdvcmlmaWNvcmlvbWFyaWEuY29tLmJyXC93cC1jb250ZW50XC91cGxvYWRzXC8yMDIyXC8wNlwvRGlhZnJhZ21hLmpwZyIsInNsaWRlc2hvdyI6ImY4NjhlZjUifQ%3D%3D\" href='https:\/\/frigorificoriomaria.com.br\/wp-content\/uploads\/2022\/06\/Diafragma.jpg'><img loading=\"lazy\" decoding=\"async\" width=\"300\" height=\"200\" src=\"https:\/\/frigorificoriomaria.com.br\/wp-content\/uploads\/2022\/06\/Diafragma-300x200.jpg\" class=\"attachment-medium size-medium\" alt=\"\" aria-describedby=\"gallery-1-1950\" srcset=\"https:\/\/frigorificoriomaria.com.br\/wp-content\/uploads\/2022\/06\/Diafragma-300x200.jpg 300w, https:\/\/frigorificoriomaria.com.br\/wp-content\/uploads\/2022\/06\/Diafragma-18x12.jpg 18w, https:\/\/frigorificoriomaria.com.br\/wp-content\/uploads\/2022\/06\/Diafragma.jpg 720w\" sizes=\"(max-width: 300px) 100vw, 300px\" \/><\/a>\n\t\t\t<\/div>\n\t\t\t\t<figcaption class='wp-caption-text gallery-caption' id='gallery-1-1950'>\n\t\t\t\tDiaphragm\n\t\t\t\t<\/figcaption><\/figure><figure class='gallery-item'>\n\t\t\t<div class='gallery-icon landscape'>\n\t\t\t\t<a data-elementor-open-lightbox=\"yes\" data-elementor-lightbox-slideshow=\"f868ef5\" data-elementor-lightbox-title=\"Sangria\" data-e-action-hash=\"#elementor-action%3Aaction%3Dlightbox%26settings%3DeyJpZCI6MTk1MSwidXJsIjoiaHR0cHM6XC9cL2ZyaWdvcmlmaWNvcmlvbWFyaWEuY29tLmJyXC93cC1jb250ZW50XC91cGxvYWRzXC8yMDIyXC8wNlwvU2FuZ3JpYS5qcGciLCJzbGlkZXNob3ciOiJmODY4ZWY1In0%3D\" href='https:\/\/frigorificoriomaria.com.br\/wp-content\/uploads\/2022\/06\/Sangria.jpg'><img loading=\"lazy\" decoding=\"async\" width=\"300\" height=\"200\" src=\"https:\/\/frigorificoriomaria.com.br\/wp-content\/uploads\/2022\/06\/Sangria-300x200.jpg\" class=\"attachment-medium size-medium\" alt=\"\" aria-describedby=\"gallery-1-1951\" srcset=\"https:\/\/frigorificoriomaria.com.br\/wp-content\/uploads\/2022\/06\/Sangria-300x200.jpg 300w, https:\/\/frigorificoriomaria.com.br\/wp-content\/uploads\/2022\/06\/Sangria-18x12.jpg 18w, https:\/\/frigorificoriomaria.com.br\/wp-content\/uploads\/2022\/06\/Sangria.jpg 720w\" sizes=\"(max-width: 300px) 100vw, 300px\" \/><\/a>\n\t\t\t<\/div>\n\t\t\t\t<figcaption class='wp-caption-text gallery-caption' id='gallery-1-1951'>\n\t\t\t\tFOREQUARTER\n\t\t\t\t<\/figcaption><\/figure><figure class='gallery-item'>\n\t\t\t<div class='gallery-icon landscape'>\n\t\t\t\t<a data-elementor-open-lightbox=\"yes\" data-elementor-lightbox-slideshow=\"f868ef5\" data-elementor-lightbox-title=\"Vergalho\" data-e-action-hash=\"#elementor-action%3Aaction%3Dlightbox%26settings%3DeyJpZCI6MTk1MiwidXJsIjoiaHR0cHM6XC9cL2ZyaWdvcmlmaWNvcmlvbWFyaWEuY29tLmJyXC93cC1jb250ZW50XC91cGxvYWRzXC8yMDIyXC8wNlwvVmVyZ2FsaG8tU2Fjby5qcGciLCJzbGlkZXNob3ciOiJmODY4ZWY1In0%3D\" href='https:\/\/frigorificoriomaria.com.br\/wp-content\/uploads\/2022\/06\/Vergalho-Saco.jpg'><img loading=\"lazy\" decoding=\"async\" width=\"300\" height=\"200\" src=\"https:\/\/frigorificoriomaria.com.br\/wp-content\/uploads\/2022\/06\/Vergalho-Saco-300x200.jpg\" class=\"attachment-medium size-medium\" alt=\"\" aria-describedby=\"gallery-1-1952\" srcset=\"https:\/\/frigorificoriomaria.com.br\/wp-content\/uploads\/2022\/06\/Vergalho-Saco-300x200.jpg 300w, https:\/\/frigorificoriomaria.com.br\/wp-content\/uploads\/2022\/06\/Vergalho-Saco-18x12.jpg 18w, https:\/\/frigorificoriomaria.com.br\/wp-content\/uploads\/2022\/06\/Vergalho-Saco.jpg 720w\" sizes=\"(max-width: 300px) 100vw, 300px\" \/><\/a>\n\t\t\t<\/div>\n\t\t\t\t<figcaption class='wp-caption-text gallery-caption' id='gallery-1-1952'>\n\t\t\t\tPIZZLES\n\t\t\t\t<\/figcaption><\/figure><figure class='gallery-item'>\n\t\t\t<div class='gallery-icon landscape'>\n\t\t\t\t<a data-elementor-open-lightbox=\"yes\" data-elementor-lightbox-slideshow=\"f868ef5\" data-elementor-lightbox-title=\"Bucho\" data-e-action-hash=\"#elementor-action%3Aaction%3Dlightbox%26settings%3DeyJpZCI6MTk1MywidXJsIjoiaHR0cHM6XC9cL2ZyaWdvcmlmaWNvcmlvbWFyaWEuY29tLmJyXC93cC1jb250ZW50XC91cGxvYWRzXC8yMDIyXC8wNlwvQnVjaG8tQnJhbmNvLmpwZyIsInNsaWRlc2hvdyI6ImY4NjhlZjUifQ%3D%3D\" href='https:\/\/frigorificoriomaria.com.br\/wp-content\/uploads\/2022\/06\/Bucho-Branco.jpg'><img loading=\"lazy\" decoding=\"async\" width=\"300\" height=\"200\" src=\"https:\/\/frigorificoriomaria.com.br\/wp-content\/uploads\/2022\/06\/Bucho-Branco-300x200.jpg\" class=\"attachment-medium size-medium\" alt=\"\" aria-describedby=\"gallery-1-1953\" srcset=\"https:\/\/frigorificoriomaria.com.br\/wp-content\/uploads\/2022\/06\/Bucho-Branco-300x200.jpg 300w, https:\/\/frigorificoriomaria.com.br\/wp-content\/uploads\/2022\/06\/Bucho-Branco-18x12.jpg 18w, https:\/\/frigorificoriomaria.com.br\/wp-content\/uploads\/2022\/06\/Bucho-Branco.jpg 720w\" sizes=\"(max-width: 300px) 100vw, 300px\" \/><\/a>\n\t\t\t<\/div>\n\t\t\t\t<figcaption class='wp-caption-text gallery-caption' id='gallery-1-1953'>\n\t\t\t\tTRIPE\n\t\t\t\t<\/figcaption><\/figure>\n\t\t<\/div>\n\t\t<\/div>\n\t\t\t\t\t\t<\/div>\n\t\t\t\t<\/div>\n\t\t\t\t\t<\/div>\n\t\t<\/div>\n\t\t\t\t\t<\/div>\n\t\t<\/section>\n\t\t\t\t<section class=\"elementor-section elementor-top-section elementor-element elementor-element-ad0e2ff elementor-section-boxed elementor-section-height-default elementor-section-height-default\" data-id=\"ad0e2ff\" data-element_type=\"section\" data-e-type=\"section\">\n\t\t\t\t\t\t<div class=\"elementor-container elementor-column-gap-default\">\n\t\t\t\t\t<div class=\"elementor-column elementor-col-100 elementor-top-column elementor-element elementor-element-8a53228\" data-id=\"8a53228\" data-element_type=\"column\" data-e-type=\"column\">\n\t\t\t<div class=\"elementor-widget-wrap elementor-element-populated\">\n\t\t\t\t\t\t<div class=\"elementor-element elementor-element-73ce0fb elementor-widget elementor-widget-spacer\" data-id=\"73ce0fb\" data-element_type=\"widget\" data-e-type=\"widget\" data-widget_type=\"spacer.default\">\n\t\t\t\t<div class=\"elementor-widget-container\">\n\t\t\t\t\t\t\t<div class=\"elementor-spacer\">\n\t\t\t<div class=\"elementor-spacer-inner\"><\/div>\n\t\t<\/div>\n\t\t\t\t\t\t<\/div>\n\t\t\t\t<\/div>\n\t\t\t\t\t<\/div>\n\t\t<\/div>\n\t\t\t\t\t<\/div>\n\t\t<\/section>\n\t\t\t\t<\/div>","protected":false},"excerpt":{"rendered":"<p>Produtos Cora\u00e7\u00e3o Lombinho Rabo Bife do Vazio L\u00edngua Rins F\u00edgado Ba\u00e7o Carne Industrial Diafragma Sangria Vergalho Bucho<\/p>","protected":false},"author":3,"featured_media":0,"parent":0,"menu_order":0,"comment_status":"closed","ping_status":"closed","template":"","meta":{"inline_featured_image":false,"footnotes":""},"class_list":["post-1252","page","type-page","status-publish","hentry"],"_links":{"self":[{"href":"https:\/\/frigorificoriomaria.com.br\/en\/wp-json\/wp\/v2\/pages\/1252","targetHints":{"allow":["GET"]}}],"collection":[{"href":"https:\/\/frigorificoriomaria.com.br\/en\/wp-json\/wp\/v2\/pages"}],"about":[{"href":"https:\/\/frigorificoriomaria.com.br\/en\/wp-json\/wp\/v2\/types\/page"}],"author":[{"embeddable":true,"href":"https:\/\/frigorificoriomaria.com.br\/en\/wp-json\/wp\/v2\/users\/3"}],"replies":[{"embeddable":true,"href":"https:\/\/frigorificoriomaria.com.br\/en\/wp-json\/wp\/v2\/comments?post=1252"}],"version-history":[{"count":46,"href":"https:\/\/frigorificoriomaria.com.br\/en\/wp-json\/wp\/v2\/pages\/1252\/revisions"}],"predecessor-version":[{"id":2446,"href":"https:\/\/frigorificoriomaria.com.br\/en\/wp-json\/wp\/v2\/pages\/1252\/revisions\/2446"}],"wp:attachment":[{"href":"https:\/\/frigorificoriomaria.com.br\/en\/wp-json\/wp\/v2\/media?parent=1252"}],"curies":[{"name":"wp","href":"https:\/\/api.w.org\/{rel}","templated":true}]}}