{"id":685,"date":"2022-05-15T17:09:18","date_gmt":"2022-05-15T20:09:18","guid":{"rendered":"https:\/\/frigorificoriomaria.com.br\/?page_id=685"},"modified":"2022-06-20T22:46:37","modified_gmt":"2022-06-21T01:46:37","slug":"historia-da-empresa","status":"publish","type":"page","link":"https:\/\/frigorificoriomaria.com.br\/en\/institutional\/company-history\/","title":{"rendered":"Company History"},"content":{"rendered":"<div data-elementor-type=\"wp-page\" data-elementor-id=\"685\" class=\"elementor elementor-685\" data-elementor-post-type=\"page\">\n\t\t\t\t\t\t<section class=\"elementor-section elementor-top-section elementor-element elementor-element-2f76ba9 elementor-section-boxed elementor-section-height-default elementor-section-height-default\" data-id=\"2f76ba9\" data-element_type=\"section\" data-e-type=\"section\" data-settings=\"{&quot;background_background&quot;:&quot;classic&quot;}\">\n\t\t\t\t\t\t<div class=\"elementor-container elementor-column-gap-default\">\n\t\t\t\t\t<div class=\"elementor-column elementor-col-100 elementor-top-column elementor-element elementor-element-23afc1e\" data-id=\"23afc1e\" data-element_type=\"column\" data-e-type=\"column\">\n\t\t\t<div class=\"elementor-widget-wrap elementor-element-populated\">\n\t\t\t\t\t\t<div class=\"elementor-element elementor-element-d69941b elementor-widget__width-auto elementor-widget elementor-widget-heading\" data-id=\"d69941b\" data-element_type=\"widget\" data-e-type=\"widget\" data-widget_type=\"heading.default\">\n\t\t\t\t<div class=\"elementor-widget-container\">\n\t\t\t\t\t<h1 class=\"elementor-heading-title elementor-size-default\">Company History<\/h1>\t\t\t\t<\/div>\n\t\t\t\t<\/div>\n\t\t\t\t<div class=\"elementor-element elementor-element-a63f66a elementor-widget elementor-widget-spacer\" data-id=\"a63f66a\" data-element_type=\"widget\" data-e-type=\"widget\" data-widget_type=\"spacer.default\">\n\t\t\t\t<div class=\"elementor-widget-container\">\n\t\t\t\t\t\t\t<div class=\"elementor-spacer\">\n\t\t\t<div class=\"elementor-spacer-inner\"><\/div>\n\t\t<\/div>\n\t\t\t\t\t\t<\/div>\n\t\t\t\t<\/div>\n\t\t\t\t<div class=\"elementor-element elementor-element-d323494 elementor-widget__width-auto elementor-widget elementor-widget-heading\" data-id=\"d323494\" data-element_type=\"widget\" data-e-type=\"widget\" data-widget_type=\"heading.default\">\n\t\t\t\t<div class=\"elementor-widget-container\">\n\t\t\t\t\t<h2 class=\"elementor-heading-title elementor-size-default\">Institutional<\/h2>\t\t\t\t<\/div>\n\t\t\t\t<\/div>\n\t\t\t\t\t<\/div>\n\t\t<\/div>\n\t\t\t\t\t<\/div>\n\t\t<\/section>\n\t\t\t\t<section class=\"elementor-section elementor-top-section elementor-element elementor-element-ccc7635 elementor-section-boxed elementor-section-height-default elementor-section-height-default\" data-id=\"ccc7635\" data-element_type=\"section\" data-e-type=\"section\">\n\t\t\t\t\t\t<div class=\"elementor-container elementor-column-gap-default\">\n\t\t\t\t\t<div class=\"elementor-column elementor-col-100 elementor-top-column elementor-element elementor-element-8a580cc\" data-id=\"8a580cc\" data-element_type=\"column\" data-e-type=\"column\">\n\t\t\t<div class=\"elementor-widget-wrap\">\n\t\t\t\t\t\t\t<\/div>\n\t\t<\/div>\n\t\t\t\t\t<\/div>\n\t\t<\/section>\n\t\t\t\t<section class=\"elementor-section elementor-top-section elementor-element elementor-element-ad0e2ff elementor-section-boxed elementor-section-height-default elementor-section-height-default\" data-id=\"ad0e2ff\" data-element_type=\"section\" data-e-type=\"section\">\n\t\t\t\t\t\t<div class=\"elementor-container elementor-column-gap-default\">\n\t\t\t\t\t<div class=\"elementor-column elementor-col-100 elementor-top-column elementor-element elementor-element-8a53228\" data-id=\"8a53228\" data-element_type=\"column\" data-e-type=\"column\">\n\t\t\t<div class=\"elementor-widget-wrap elementor-element-populated\">\n\t\t\t\t\t\t<div class=\"elementor-element elementor-element-f3dc9f9 elementor-widget elementor-widget-text-editor\" data-id=\"f3dc9f9\" data-element_type=\"widget\" data-e-type=\"widget\" data-widget_type=\"text-editor.default\">\n\t\t\t\t<div class=\"elementor-widget-container\">\n\t\t\t\t\t\t\t\t\t<p><img fetchpriority=\"high\" decoding=\"async\" class=\"margin-right-bottom img-responsive alignleft wp-image-1794 size-medium\" src=\"https:\/\/frigorificoriomaria.com.br\/wp-content\/uploads\/2022\/05\/Foto-aerea2-300x220.jpg\" alt=\"\" width=\"300\" height=\"220\" srcset=\"https:\/\/frigorificoriomaria.com.br\/wp-content\/uploads\/2022\/05\/Foto-aerea2-300x220.jpg 300w, https:\/\/frigorificoriomaria.com.br\/wp-content\/uploads\/2022\/05\/Foto-aerea2-1024x750.jpg 1024w, https:\/\/frigorificoriomaria.com.br\/wp-content\/uploads\/2022\/05\/Foto-aerea2-768x563.jpg 768w, https:\/\/frigorificoriomaria.com.br\/wp-content\/uploads\/2022\/05\/Foto-aerea2-16x12.jpg 16w, https:\/\/frigorificoriomaria.com.br\/wp-content\/uploads\/2022\/05\/Foto-aerea2.jpg 1280w\" sizes=\"(max-width: 300px) 100vw, 300px\" \/><\/p><div class=\"container internas institucional\"><div class=\"row\"><div class=\"col-md-12\"><p>The <b>Frigor\u00edfico Rio Maria<\/b> is the realization of the \"dream\" of its creators, the Paulinelli family, who for more than 35 years have been working in cattle breeding in southern Par\u00e1.<\/p><p>\u00a0<\/p><p>Founded in 2002 due to market demand, which was lacking quality products, the Rio Maria meatpacking plant has been standing out in the slaughter and deboning sectors, with selected and inspected cattle.<\/p><\/div><\/div><\/div>\t\t\t\t\t\t\t\t<\/div>\n\t\t\t\t<\/div>\n\t\t\t\t<div class=\"elementor-element elementor-element-73ce0fb elementor-widget elementor-widget-spacer\" data-id=\"73ce0fb\" data-element_type=\"widget\" data-e-type=\"widget\" data-widget_type=\"spacer.default\">\n\t\t\t\t<div class=\"elementor-widget-container\">\n\t\t\t\t\t\t\t<div class=\"elementor-spacer\">\n\t\t\t<div class=\"elementor-spacer-inner\"><\/div>\n\t\t<\/div>\n\t\t\t\t\t\t<\/div>\n\t\t\t\t<\/div>\n\t\t\t\t\t<\/div>\n\t\t<\/div>\n\t\t\t\t\t<\/div>\n\t\t<\/section>\n\t\t\t\t<\/div>","protected":false},"excerpt":{"rendered":"<p>Institucional O Frigor\u00edfico Rio Maria \u00e9 a concretiza\u00e7\u00e3o do &#8220;sonho&#8221; de seus idealizadores, a fam\u00edlia Paulinelli, que h\u00e1 mais de 35 anos v\u00eam trabalhando na cria\u00e7\u00e3o de gado no sul do Par\u00e1. \u00a0 Fundado em 2002 pela exig\u00eancia do mercado que estava carente de produtos de qualidade, o frigor\u00edfico Rio Maria vem se destacando nos [&hellip;]<\/p>","protected":false},"author":3,"featured_media":0,"parent":1063,"menu_order":0,"comment_status":"closed","ping_status":"closed","template":"","meta":{"inline_featured_image":false,"footnotes":""},"class_list":["post-685","page","type-page","status-publish","hentry"],"_links":{"self":[{"href":"https:\/\/frigorificoriomaria.com.br\/en\/wp-json\/wp\/v2\/pages\/685","targetHints":{"allow":["GET"]}}],"collection":[{"href":"https:\/\/frigorificoriomaria.com.br\/en\/wp-json\/wp\/v2\/pages"}],"about":[{"href":"https:\/\/frigorificoriomaria.com.br\/en\/wp-json\/wp\/v2\/types\/page"}],"author":[{"embeddable":true,"href":"https:\/\/frigorificoriomaria.com.br\/en\/wp-json\/wp\/v2\/users\/3"}],"replies":[{"embeddable":true,"href":"https:\/\/frigorificoriomaria.com.br\/en\/wp-json\/wp\/v2\/comments?post=685"}],"version-history":[{"count":30,"href":"https:\/\/frigorificoriomaria.com.br\/en\/wp-json\/wp\/v2\/pages\/685\/revisions"}],"predecessor-version":[{"id":3872,"href":"https:\/\/frigorificoriomaria.com.br\/en\/wp-json\/wp\/v2\/pages\/685\/revisions\/3872"}],"up":[{"embeddable":true,"href":"https:\/\/frigorificoriomaria.com.br\/en\/wp-json\/wp\/v2\/pages\/1063"}],"wp:attachment":[{"href":"https:\/\/frigorificoriomaria.com.br\/en\/wp-json\/wp\/v2\/media?parent=685"}],"curies":[{"name":"wp","href":"https:\/\/api.w.org\/{rel}","templated":true}]}}