{"id":699,"date":"2022-05-15T17:21:39","date_gmt":"2022-05-15T20:21:39","guid":{"rendered":"https:\/\/frigorificoriomaria.com.br\/?page_id=699"},"modified":"2022-06-20T22:42:53","modified_gmt":"2022-06-21T01:42:53","slug":"meio-ambiente","status":"publish","type":"page","link":"https:\/\/frigorificoriomaria.com.br\/en\/institutional\/environment\/","title":{"rendered":"Environment"},"content":{"rendered":"<div data-elementor-type=\"wp-page\" data-elementor-id=\"699\" class=\"elementor elementor-699\" data-elementor-post-type=\"page\">\n\t\t\t\t\t\t<section class=\"elementor-section elementor-top-section elementor-element elementor-element-2f76ba9 elementor-section-boxed elementor-section-height-default elementor-section-height-default\" data-id=\"2f76ba9\" data-element_type=\"section\" data-e-type=\"section\" data-settings=\"{&quot;background_background&quot;:&quot;classic&quot;}\">\n\t\t\t\t\t\t<div class=\"elementor-container elementor-column-gap-default\">\n\t\t\t\t\t<div class=\"elementor-column elementor-col-100 elementor-top-column elementor-element elementor-element-23afc1e\" data-id=\"23afc1e\" data-element_type=\"column\" data-e-type=\"column\">\n\t\t\t<div class=\"elementor-widget-wrap elementor-element-populated\">\n\t\t\t\t\t\t<div class=\"elementor-element elementor-element-d69941b elementor-widget__width-auto elementor-widget elementor-widget-heading\" data-id=\"d69941b\" data-element_type=\"widget\" data-e-type=\"widget\" data-widget_type=\"heading.default\">\n\t\t\t\t<div class=\"elementor-widget-container\">\n\t\t\t\t\t<h1 class=\"elementor-heading-title elementor-size-default\">Environment<\/h1>\t\t\t\t<\/div>\n\t\t\t\t<\/div>\n\t\t\t\t<div class=\"elementor-element elementor-element-a63f66a elementor-widget elementor-widget-spacer\" data-id=\"a63f66a\" data-element_type=\"widget\" data-e-type=\"widget\" data-widget_type=\"spacer.default\">\n\t\t\t\t<div class=\"elementor-widget-container\">\n\t\t\t\t\t\t\t<div class=\"elementor-spacer\">\n\t\t\t<div class=\"elementor-spacer-inner\"><\/div>\n\t\t<\/div>\n\t\t\t\t\t\t<\/div>\n\t\t\t\t<\/div>\n\t\t\t\t<div class=\"elementor-element elementor-element-d323494 elementor-widget__width-auto elementor-widget elementor-widget-heading\" data-id=\"d323494\" data-element_type=\"widget\" data-e-type=\"widget\" data-widget_type=\"heading.default\">\n\t\t\t\t<div class=\"elementor-widget-container\">\n\t\t\t\t\t<h2 class=\"elementor-heading-title elementor-size-default\">Institutional<\/h2>\t\t\t\t<\/div>\n\t\t\t\t<\/div>\n\t\t\t\t\t<\/div>\n\t\t<\/div>\n\t\t\t\t\t<\/div>\n\t\t<\/section>\n\t\t\t\t<section class=\"elementor-section elementor-top-section elementor-element elementor-element-ccc7635 elementor-section-boxed elementor-section-height-default elementor-section-height-default\" data-id=\"ccc7635\" data-element_type=\"section\" data-e-type=\"section\">\n\t\t\t\t\t\t<div class=\"elementor-container elementor-column-gap-default\">\n\t\t\t\t\t<div class=\"elementor-column elementor-col-100 elementor-top-column elementor-element elementor-element-8a580cc\" data-id=\"8a580cc\" data-element_type=\"column\" data-e-type=\"column\">\n\t\t\t<div class=\"elementor-widget-wrap elementor-element-populated\">\n\t\t\t\t\t\t<div class=\"elementor-element elementor-element-f3dc9f9 elementor-widget elementor-widget-text-editor\" data-id=\"f3dc9f9\" data-element_type=\"widget\" data-e-type=\"widget\" data-widget_type=\"text-editor.default\">\n\t\t\t\t<div class=\"elementor-widget-container\">\n\t\t\t\t\t\t\t\t\t<p><img fetchpriority=\"high\" decoding=\"async\" class=\"margin-right-bottom img-responsive alignleft wp-image-701 size-full\" src=\"https:\/\/frigorificoriomaria.com.br\/wp-content\/uploads\/2022\/05\/inst-meioamb.jpg\" alt=\"\" width=\"275\" height=\"425\" srcset=\"https:\/\/frigorificoriomaria.com.br\/wp-content\/uploads\/2022\/05\/inst-meioamb.jpg 275w, https:\/\/frigorificoriomaria.com.br\/wp-content\/uploads\/2022\/05\/inst-meioamb-194x300.jpg 194w\" sizes=\"(max-width: 275px) 100vw, 275px\" \/><\/p>\n<div class=\"container internas institucional\">\n<div class=\"row\">\n<div class=\"col-md-12\">\n<p>Values and ethical principles are the base of the Rio Maria meatpacking plant culture, which is aware of its environmental responsibility, developing a nature conservation policy, with the reforestation project, where 60,000 Ac\u00e1cia mangium tree seedlings were planted, being 12,000 native seedlings for the recovery of permanent preservation areas.<\/p><p><br><\/p>\n<p>The <b>Frigor\u00edfico Rio Maria<\/b> became a highlight throughout the region for being a pioneering company. It was the first company in the northern region of Brazil to invest in reforestation projects, according to an article published in the Express\u00e3o Magazine - 4th Edition.<\/p>\n<\/div>\n<\/div>\n<\/div>\t\t\t\t\t\t\t\t<\/div>\n\t\t\t\t<\/div>\n\t\t\t\t\t<\/div>\n\t\t<\/div>\n\t\t\t\t\t<\/div>\n\t\t<\/section>\n\t\t\t\t<section class=\"elementor-section elementor-top-section elementor-element elementor-element-ad0e2ff elementor-section-boxed elementor-section-height-default elementor-section-height-default\" data-id=\"ad0e2ff\" data-element_type=\"section\" data-e-type=\"section\">\n\t\t\t\t\t\t<div class=\"elementor-container elementor-column-gap-default\">\n\t\t\t\t\t<div class=\"elementor-column elementor-col-100 elementor-top-column elementor-element elementor-element-8a53228\" data-id=\"8a53228\" data-element_type=\"column\" data-e-type=\"column\">\n\t\t\t<div class=\"elementor-widget-wrap elementor-element-populated\">\n\t\t\t\t\t\t<div class=\"elementor-element elementor-element-73ce0fb elementor-widget elementor-widget-spacer\" data-id=\"73ce0fb\" data-element_type=\"widget\" data-e-type=\"widget\" data-widget_type=\"spacer.default\">\n\t\t\t\t<div class=\"elementor-widget-container\">\n\t\t\t\t\t\t\t<div class=\"elementor-spacer\">\n\t\t\t<div class=\"elementor-spacer-inner\"><\/div>\n\t\t<\/div>\n\t\t\t\t\t\t<\/div>\n\t\t\t\t<\/div>\n\t\t\t\t\t<\/div>\n\t\t<\/div>\n\t\t\t\t\t<\/div>\n\t\t<\/section>\n\t\t\t\t<\/div>","protected":false},"excerpt":{"rendered":"<p>Institucional Valores e princ\u00edpios \u00e9ticos s\u00e3o a base da cultura do frigor\u00edfico Rio Maria, que tem consci\u00eancia de sua responsabilidade ambiental, desenvolvendo uma pol\u00edtica de conserva\u00e7\u00e3o da natureza, com o projeto de reflorestamento, onde foram plantadas 60.000 mudas de \u00e1rvores da esp\u00e9cie Ac\u00e1cia mangium, sendo 12.000 mudas nativas para recupera\u00e7\u00e3o de \u00e1reas de preserva\u00e7\u00e3o permanente. [&hellip;]<\/p>","protected":false},"author":3,"featured_media":0,"parent":1063,"menu_order":0,"comment_status":"closed","ping_status":"closed","template":"","meta":{"inline_featured_image":false,"footnotes":""},"class_list":["post-699","page","type-page","status-publish","hentry"],"_links":{"self":[{"href":"https:\/\/frigorificoriomaria.com.br\/en\/wp-json\/wp\/v2\/pages\/699","targetHints":{"allow":["GET"]}}],"collection":[{"href":"https:\/\/frigorificoriomaria.com.br\/en\/wp-json\/wp\/v2\/pages"}],"about":[{"href":"https:\/\/frigorificoriomaria.com.br\/en\/wp-json\/wp\/v2\/types\/page"}],"author":[{"embeddable":true,"href":"https:\/\/frigorificoriomaria.com.br\/en\/wp-json\/wp\/v2\/users\/3"}],"replies":[{"embeddable":true,"href":"https:\/\/frigorificoriomaria.com.br\/en\/wp-json\/wp\/v2\/comments?post=699"}],"version-history":[{"count":34,"href":"https:\/\/frigorificoriomaria.com.br\/en\/wp-json\/wp\/v2\/pages\/699\/revisions"}],"predecessor-version":[{"id":2462,"href":"https:\/\/frigorificoriomaria.com.br\/en\/wp-json\/wp\/v2\/pages\/699\/revisions\/2462"}],"up":[{"embeddable":true,"href":"https:\/\/frigorificoriomaria.com.br\/en\/wp-json\/wp\/v2\/pages\/1063"}],"wp:attachment":[{"href":"https:\/\/frigorificoriomaria.com.br\/en\/wp-json\/wp\/v2\/media?parent=699"}],"curies":[{"name":"wp","href":"https:\/\/api.w.org\/{rel}","templated":true}]}}