{"id":762,"date":"2022-05-15T18:12:03","date_gmt":"2022-05-15T21:12:03","guid":{"rendered":"https:\/\/frigorificoriomaria.com.br\/?page_id=762"},"modified":"2022-06-20T22:49:29","modified_gmt":"2022-06-21T01:49:29","slug":"acabamento-de-carcaca-ideal","status":"publish","type":"page","link":"https:\/\/frigorificoriomaria.com.br\/en\/institutional\/cattle-purchase\/acabamento-de-carcaca-ideal\/","title":{"rendered":"Optimum carcass finish"},"content":{"rendered":"<div data-elementor-type=\"wp-page\" data-elementor-id=\"762\" class=\"elementor elementor-762\" data-elementor-post-type=\"page\">\n\t\t\t\t\t\t<section class=\"elementor-section elementor-top-section elementor-element elementor-element-2f76ba9 elementor-section-boxed elementor-section-height-default elementor-section-height-default\" data-id=\"2f76ba9\" data-element_type=\"section\" data-e-type=\"section\" data-settings=\"{&quot;background_background&quot;:&quot;classic&quot;}\">\n\t\t\t\t\t\t<div class=\"elementor-container elementor-column-gap-default\">\n\t\t\t\t\t<div class=\"elementor-column elementor-col-100 elementor-top-column elementor-element elementor-element-23afc1e\" data-id=\"23afc1e\" data-element_type=\"column\" data-e-type=\"column\">\n\t\t\t<div class=\"elementor-widget-wrap elementor-element-populated\">\n\t\t\t\t\t\t<div class=\"elementor-element elementor-element-d69941b elementor-widget__width-auto elementor-widget elementor-widget-heading\" data-id=\"d69941b\" data-element_type=\"widget\" data-e-type=\"widget\" data-widget_type=\"heading.default\">\n\t\t\t\t<div class=\"elementor-widget-container\">\n\t\t\t\t\t<h1 class=\"elementor-heading-title elementor-size-default\">Optimum carcass finish<\/h1>\t\t\t\t<\/div>\n\t\t\t\t<\/div>\n\t\t\t\t<div class=\"elementor-element elementor-element-a63f66a elementor-widget elementor-widget-spacer\" data-id=\"a63f66a\" data-element_type=\"widget\" data-e-type=\"widget\" data-widget_type=\"spacer.default\">\n\t\t\t\t<div class=\"elementor-widget-container\">\n\t\t\t\t\t\t\t<div class=\"elementor-spacer\">\n\t\t\t<div class=\"elementor-spacer-inner\"><\/div>\n\t\t<\/div>\n\t\t\t\t\t\t<\/div>\n\t\t\t\t<\/div>\n\t\t\t\t<div class=\"elementor-element elementor-element-d323494 elementor-widget__width-auto elementor-widget elementor-widget-heading\" data-id=\"d323494\" data-element_type=\"widget\" data-e-type=\"widget\" data-widget_type=\"heading.default\">\n\t\t\t\t<div class=\"elementor-widget-container\">\n\t\t\t\t\t<h2 class=\"elementor-heading-title elementor-size-default\">Cattle Purchase<\/h2>\t\t\t\t<\/div>\n\t\t\t\t<\/div>\n\t\t\t\t\t<\/div>\n\t\t<\/div>\n\t\t\t\t\t<\/div>\n\t\t<\/section>\n\t\t\t\t<section class=\"elementor-section elementor-top-section elementor-element elementor-element-74c5c35 elementor-section-boxed elementor-section-height-default elementor-section-height-default\" data-id=\"74c5c35\" data-element_type=\"section\" data-e-type=\"section\">\n\t\t\t\t\t\t<div class=\"elementor-container elementor-column-gap-default\">\n\t\t\t\t\t<div class=\"elementor-column elementor-col-100 elementor-top-column elementor-element elementor-element-be2b4d8\" data-id=\"be2b4d8\" data-element_type=\"column\" data-e-type=\"column\">\n\t\t\t<div class=\"elementor-widget-wrap elementor-element-populated\">\n\t\t\t\t\t\t<div class=\"elementor-element elementor-element-aca81b0 elementor-widget__width-initial elementor-widget elementor-widget-button\" data-id=\"aca81b0\" data-element_type=\"widget\" data-e-type=\"widget\" data-widget_type=\"button.default\">\n\t\t\t\t<div class=\"elementor-widget-container\">\n\t\t\t\t\t\t\t\t\t<div class=\"elementor-button-wrapper\">\n\t\t\t\t\t<a class=\"elementor-button elementor-button-link elementor-size-sm\" href=\"https:\/\/frigorificoriomaria.com.br\/en\/institutional\/cattle-purchase\/\">\n\t\t\t\t\t\t<span class=\"elementor-button-content-wrapper\">\n\t\t\t\t\t\t\t\t\t<span class=\"elementor-button-text\">Cattle Purchase<\/span>\n\t\t\t\t\t<\/span>\n\t\t\t\t\t<\/a>\n\t\t\t\t<\/div>\n\t\t\t\t\t\t\t\t<\/div>\n\t\t\t\t<\/div>\n\t\t\t\t<div class=\"elementor-element elementor-element-a66f779 elementor-widget__width-initial cursor-default elementor-widget elementor-widget-button\" data-id=\"a66f779\" data-element_type=\"widget\" data-e-type=\"widget\" data-widget_type=\"button.default\">\n\t\t\t\t<div class=\"elementor-widget-container\">\n\t\t\t\t\t\t\t\t\t<div class=\"elementor-button-wrapper\">\n\t\t\t\t\t<a class=\"elementor-button elementor-size-sm\" role=\"button\">\n\t\t\t\t\t\t<span class=\"elementor-button-content-wrapper\">\n\t\t\t\t\t\t\t\t\t<span class=\"elementor-button-text\">Optimum carcass finish<\/span>\n\t\t\t\t\t<\/span>\n\t\t\t\t\t<\/a>\n\t\t\t\t<\/div>\n\t\t\t\t\t\t\t\t<\/div>\n\t\t\t\t<\/div>\n\t\t\t\t<div class=\"elementor-element elementor-element-e3b3933 elementor-widget__width-initial elementor-widget elementor-widget-button\" data-id=\"e3b3933\" data-element_type=\"widget\" data-e-type=\"widget\" data-widget_type=\"button.default\">\n\t\t\t\t<div class=\"elementor-widget-container\">\n\t\t\t\t\t\t\t\t\t<div class=\"elementor-button-wrapper\">\n\t\t\t\t\t<a class=\"elementor-button elementor-button-link elementor-size-sm\" href=\"https:\/\/frigorificoriomaria.com.br\/en\/institutional\/cattle-purchase\/manejo-de-abate\/\">\n\t\t\t\t\t\t<span class=\"elementor-button-content-wrapper\">\n\t\t\t\t\t\t\t\t\t<span class=\"elementor-button-text\">Slaughtering Management<\/span>\n\t\t\t\t\t<\/span>\n\t\t\t\t\t<\/a>\n\t\t\t\t<\/div>\n\t\t\t\t\t\t\t\t<\/div>\n\t\t\t\t<\/div>\n\t\t\t\t<div class=\"elementor-element elementor-element-39531bc elementor-widget__width-initial elementor-widget elementor-widget-button\" data-id=\"39531bc\" data-element_type=\"widget\" data-e-type=\"widget\" data-widget_type=\"button.default\">\n\t\t\t\t<div class=\"elementor-widget-container\">\n\t\t\t\t\t\t\t\t\t<div class=\"elementor-button-wrapper\">\n\t\t\t\t\t<a class=\"elementor-button elementor-button-link elementor-size-sm\" href=\"https:\/\/frigorificoriomaria.com.br\/en\/institutional\/cattle-purchase\/leather\/\">\n\t\t\t\t\t\t<span class=\"elementor-button-content-wrapper\">\n\t\t\t\t\t\t\t\t\t<span class=\"elementor-button-text\">Leather<\/span>\n\t\t\t\t\t<\/span>\n\t\t\t\t\t<\/a>\n\t\t\t\t<\/div>\n\t\t\t\t\t\t\t\t<\/div>\n\t\t\t\t<\/div>\n\t\t\t\t<div class=\"elementor-element elementor-element-02f20c6 elementor-widget__width-initial elementor-widget elementor-widget-button\" data-id=\"02f20c6\" data-element_type=\"widget\" data-e-type=\"widget\" data-widget_type=\"button.default\">\n\t\t\t\t<div class=\"elementor-widget-container\">\n\t\t\t\t\t\t\t\t\t<div class=\"elementor-button-wrapper\">\n\t\t\t\t\t<a class=\"elementor-button elementor-button-link elementor-size-sm\" href=\"https:\/\/frigorificoriomaria.com.br\/en\/institutional\/cattle-purchase\/vaccination-and-diseases\/\">\n\t\t\t\t\t\t<span class=\"elementor-button-content-wrapper\">\n\t\t\t\t\t\t\t\t\t<span class=\"elementor-button-text\">Vaccination and Diseases<\/span>\n\t\t\t\t\t<\/span>\n\t\t\t\t\t<\/a>\n\t\t\t\t<\/div>\n\t\t\t\t\t\t\t\t<\/div>\n\t\t\t\t<\/div>\n\t\t\t\t<div class=\"elementor-element elementor-element-f8c1024 elementor-widget__width-initial elementor-widget elementor-widget-button\" data-id=\"f8c1024\" data-element_type=\"widget\" data-e-type=\"widget\" data-widget_type=\"button.default\">\n\t\t\t\t<div class=\"elementor-widget-container\">\n\t\t\t\t\t\t\t\t\t<div class=\"elementor-button-wrapper\">\n\t\t\t\t\t<a class=\"elementor-button elementor-button-link elementor-size-sm\" href=\"https:\/\/frigorificoriomaria.com.br\/en\/institutional\/cattle-purchase\/beef-breeds\/\">\n\t\t\t\t\t\t<span class=\"elementor-button-content-wrapper\">\n\t\t\t\t\t\t\t\t\t<span class=\"elementor-button-text\">Beef Breeds<\/span>\n\t\t\t\t\t<\/span>\n\t\t\t\t\t<\/a>\n\t\t\t\t<\/div>\n\t\t\t\t\t\t\t\t<\/div>\n\t\t\t\t<\/div>\n\t\t\t\t\t<\/div>\n\t\t<\/div>\n\t\t\t\t\t<\/div>\n\t\t<\/section>\n\t\t\t\t<section class=\"elementor-section elementor-top-section elementor-element elementor-element-ccc7635 elementor-section-boxed elementor-section-height-default elementor-section-height-default\" data-id=\"ccc7635\" data-element_type=\"section\" data-e-type=\"section\">\n\t\t\t\t\t\t<div class=\"elementor-container elementor-column-gap-default\">\n\t\t\t\t\t<div class=\"elementor-column elementor-col-100 elementor-top-column elementor-element elementor-element-8a580cc\" data-id=\"8a580cc\" data-element_type=\"column\" data-e-type=\"column\">\n\t\t\t<div class=\"elementor-widget-wrap elementor-element-populated\">\n\t\t\t\t\t\t<div class=\"elementor-element elementor-element-f3dc9f9 elementor-widget elementor-widget-text-editor\" data-id=\"f3dc9f9\" data-element_type=\"widget\" data-e-type=\"widget\" data-widget_type=\"text-editor.default\">\n\t\t\t\t<div class=\"elementor-widget-container\">\n\t\t\t\t\t\t\t\t\t<p>Fat is the most variable tissue in the carcass and can vary in quantity, shape, and distribution during the development process. This fat is a source of energy reserve for the animal in times of dietary restriction.<\/p><p><br><\/p>\n<p>Basically there are two types of fat that are best known: intramuscular fat (marbling fat) and subcutaneous fat (covering fat).<\/p><p><br><\/p>\n<p>To identify the animals that will be destined for slaughter should have attributes such as good carcass conformation, precocity of growth and finishing combined with good weight gain, attributes that can ensure good performance during the fattening\/finishing phase. The visual evaluation of the finishing grade on the live animal is a good alternative to identify and separate the animals that are \"ready\" for slaughter. It is recommended to separate the animals into standardized and uniform lots, especially those that are well finished.<\/p><p><br><\/p>\n<p>Carcass finish is checked by observing the distribution and amount of fat cover in different locations on the carcass (at the level of the 6th, 9th, and 12th ribs dorsal and ventral parts of the large dorsal muscle and caudal serratus dorsalis muscle, in the lumbar region, and on the topside).<\/p>\t\t\t\t\t\t\t\t<\/div>\n\t\t\t\t<\/div>\n\t\t\t\t\t<\/div>\n\t\t<\/div>\n\t\t\t\t\t<\/div>\n\t\t<\/section>\n\t\t\t\t<section class=\"elementor-section elementor-top-section elementor-element elementor-element-ad0e2ff elementor-section-boxed elementor-section-height-default elementor-section-height-default\" data-id=\"ad0e2ff\" data-element_type=\"section\" data-e-type=\"section\">\n\t\t\t\t\t\t<div class=\"elementor-container elementor-column-gap-default\">\n\t\t\t\t\t<div class=\"elementor-column elementor-col-100 elementor-top-column elementor-element elementor-element-8a53228\" data-id=\"8a53228\" data-element_type=\"column\" data-e-type=\"column\">\n\t\t\t<div class=\"elementor-widget-wrap elementor-element-populated\">\n\t\t\t\t\t\t<div class=\"elementor-element elementor-element-73ce0fb elementor-widget elementor-widget-spacer\" data-id=\"73ce0fb\" data-element_type=\"widget\" data-e-type=\"widget\" data-widget_type=\"spacer.default\">\n\t\t\t\t<div class=\"elementor-widget-container\">\n\t\t\t\t\t\t\t<div class=\"elementor-spacer\">\n\t\t\t<div class=\"elementor-spacer-inner\"><\/div>\n\t\t<\/div>\n\t\t\t\t\t\t<\/div>\n\t\t\t\t<\/div>\n\t\t\t\t\t<\/div>\n\t\t<\/div>\n\t\t\t\t\t<\/div>\n\t\t<\/section>\n\t\t\t\t<\/div>","protected":false},"excerpt":{"rendered":"<p>Compra de Gado Compra de Gado Acabamento de carca\u00e7a ideal Manejo de Abate Couro Vacina\u00e7\u00e3o e Doen\u00e7as Ra\u00e7as de Corte A gordura \u00e9 o tecido mais vari\u00e1vel da carca\u00e7a, podendo variar em quantidade, forma e distribui\u00e7\u00e3o durante o processo de desenvolvimento. Esta gordura \u00e9 uma fonte de reserva energ\u00e9tica para o animal em \u00e9pocas de [&hellip;]<\/p>","protected":false},"author":3,"featured_media":0,"parent":714,"menu_order":0,"comment_status":"closed","ping_status":"closed","template":"","meta":{"inline_featured_image":false,"footnotes":""},"class_list":["post-762","page","type-page","status-publish","hentry"],"_links":{"self":[{"href":"https:\/\/frigorificoriomaria.com.br\/en\/wp-json\/wp\/v2\/pages\/762","targetHints":{"allow":["GET"]}}],"collection":[{"href":"https:\/\/frigorificoriomaria.com.br\/en\/wp-json\/wp\/v2\/pages"}],"about":[{"href":"https:\/\/frigorificoriomaria.com.br\/en\/wp-json\/wp\/v2\/types\/page"}],"author":[{"embeddable":true,"href":"https:\/\/frigorificoriomaria.com.br\/en\/wp-json\/wp\/v2\/users\/3"}],"replies":[{"embeddable":true,"href":"https:\/\/frigorificoriomaria.com.br\/en\/wp-json\/wp\/v2\/comments?post=762"}],"version-history":[{"count":40,"href":"https:\/\/frigorificoriomaria.com.br\/en\/wp-json\/wp\/v2\/pages\/762\/revisions"}],"predecessor-version":[{"id":2492,"href":"https:\/\/frigorificoriomaria.com.br\/en\/wp-json\/wp\/v2\/pages\/762\/revisions\/2492"}],"up":[{"embeddable":true,"href":"https:\/\/frigorificoriomaria.com.br\/en\/wp-json\/wp\/v2\/pages\/714"}],"wp:attachment":[{"href":"https:\/\/frigorificoriomaria.com.br\/en\/wp-json\/wp\/v2\/media?parent=762"}],"curies":[{"name":"wp","href":"https:\/\/api.w.org\/{rel}","templated":true}]}}